{"id":157,"date":"2019-07-17T21:20:04","date_gmt":"2019-07-17T20:20:04","guid":{"rendered":"http:\/\/antonbonder.nl\/?page_id=157"},"modified":"2025-03-02T21:47:32","modified_gmt":"2025-03-02T20:47:32","slug":"schoonheidssalon","status":"publish","type":"page","link":"https:\/\/www.studio-22.nl\/index.php\/schoonheidssalon\/","title":{"rendered":"Schoonheidssalon"},"content":{"rendered":"\t\t<div data-elementor-type=\"wp-post\" data-elementor-id=\"157\" class=\"elementor elementor-157\">\n\t\t\t\t\t\t<section class=\"elementor-section elementor-top-section elementor-element elementor-element-20fc09f6 elementor-section-boxed elementor-section-height-default elementor-section-height-default\" data-id=\"20fc09f6\" data-element_type=\"section\" data-e-type=\"section\">\n\t\t\t\t\t\t<div class=\"elementor-container elementor-column-gap-default\">\n\t\t\t\t\t<div class=\"elementor-column elementor-col-100 elementor-top-column elementor-element elementor-element-6e1f148a\" data-id=\"6e1f148a\" data-element_type=\"column\" data-e-type=\"column\">\n\t\t\t<div class=\"elementor-widget-wrap elementor-element-populated\">\n\t\t\t\t\t\t<div class=\"elementor-element elementor-element-28850273 elementor-widget elementor-widget-text-editor\" data-id=\"28850273\" data-element_type=\"widget\" data-e-type=\"widget\" data-widget_type=\"text-editor.default\">\n\t\t\t\t<div class=\"elementor-widget-container\">\n\t\t\t\t\t\t\t\t\t<p>Bij ons kun je lekker genieten van een ontspannende, verzorgende of huidverbeterende gezichtsbehandeling. Man, vrouw, jong of oud het maakt allemaal niets uit. Iedereen verdiendt het om af en toe eens te ontspannen tijdens een gezichtsbehandeling.<\/p>\n<p>\u00a0<\/p>\n<p>Een gezichtsbehandeling is een belevenis en draagt bij aan het luxe gevoel van een mooie huid en verzorgde uitstraling.Wij werken met behandelingen op maat. Bij elke behandeling wordt besproken waar we ons deze keer op gaan focussen in de behandeling, gebaseerd op de specifieke behoefte van jou en jouw huid.<\/p>\n<p>\u00a0<\/p>\n<p>In de salons werken we met Henri\u00ebtte Faroche &#8216;De kracht van de natuur&#8217; Henri\u00ebtte Faroche werkt met 100% natuurlijke etherische oli\u00ebn uit de Faromatique lijn. Deze oli\u00ebn, ook wel aromatherapie genoemd, zijn pure extracten uit bloemen en planten met een zeer intensieve werking.<\/p>\n<p>\u00a0<\/p>\n<p>Golden Rose en W7 voor de make-up lijn.<\/p>\n<p>\u00a0<\/p>\n<p>Wij beschikken over 4 schoonheidssalons\u00a0 en 1 permanente make-up salon binnen ons bedrijf.<br \/>Iedere schoonheidsspecialiste heeft haar eigen salon, geheel naar eigen stijl en<br \/>smaak ingericht.<\/p>\n<p>Er zijn verschillende schoonheidsbehandeling te boeken bij ons.<\/p>\n<p>\u00a0<\/p>\n<p>Hieronder een overzicht van een aantal mogelijkheden:<\/p>\n<p><!-- \/wp:paragraph --><!-- wp:paragraph --><\/p>\n<p>\u00a0<\/p>\n<p><!-- \/wp:paragraph --><!-- wp:paragraph --><\/p>\n<ul>\n<li>Losse modules zoals: Epileren, harsen, verven wimpers en wenkbrauwen<\/li>\n<li>Gezichtsbehandelingen<\/li>\n<li>Wimper liftlash<\/li>\n<li>Bindweefselmassage<\/li>\n<li>Microneedling<\/li>\n<li>Permanente make-up<\/li>\n<li>Bruids make-up<\/li>\n<li>Acne behandeling\u00a0<\/li>\n<\/ul>\n<p><!-- \/wp:paragraph --><!-- wp:gallery {\"ids\":[158,160,161,163]} --><\/p>\n<p><!-- \/wp:gallery --><\/p>\t\t\t\t\t\t\t\t<\/div>\n\t\t\t\t<\/div>\n\t\t\t\t\t<\/div>\n\t\t<\/div>\n\t\t\t\t\t<\/div>\n\t\t<\/section>\n\t\t\t\t<section class=\"elementor-section elementor-top-section elementor-element elementor-element-9fdacd4 elementor-section-boxed elementor-section-height-default elementor-section-height-default\" data-id=\"9fdacd4\" data-element_type=\"section\" data-e-type=\"section\">\n\t\t\t\t\t\t<div class=\"elementor-container elementor-column-gap-default\">\n\t\t\t\t\t<div class=\"elementor-column elementor-col-100 elementor-top-column elementor-element elementor-element-8926369\" data-id=\"8926369\" data-element_type=\"column\" data-e-type=\"column\">\n\t\t\t<div class=\"elementor-widget-wrap elementor-element-populated\">\n\t\t\t\t\t\t<div class=\"elementor-element elementor-element-778f4e0 elementor-arrows-position-inside elementor-pagination-position-outside elementor-widget elementor-widget-image-carousel\" data-id=\"778f4e0\" data-element_type=\"widget\" data-e-type=\"widget\" data-settings=\"{&quot;navigation&quot;:&quot;both&quot;,&quot;autoplay&quot;:&quot;yes&quot;,&quot;pause_on_hover&quot;:&quot;yes&quot;,&quot;pause_on_interaction&quot;:&quot;yes&quot;,&quot;autoplay_speed&quot;:5000,&quot;infinite&quot;:&quot;yes&quot;,&quot;speed&quot;:500}\" data-widget_type=\"image-carousel.default\">\n\t\t\t\t<div class=\"elementor-widget-container\">\n\t\t\t\t\t\t\t<div class=\"elementor-image-carousel-wrapper swiper\" role=\"region\" aria-roledescription=\"carousel\" aria-label=\"Afbeelding carrousel\" dir=\"ltr\">\n\t\t\t<div class=\"elementor-image-carousel swiper-wrapper\" aria-live=\"off\">\n\t\t\t\t\t\t\t\t<div class=\"swiper-slide\" role=\"group\" aria-roledescription=\"slide\" aria-label=\"1 van 4\"><figure class=\"swiper-slide-inner\"><img decoding=\"async\" class=\"swiper-slide-image\" src=\"https:\/\/www.studio-22.nl\/wp-content\/uploads\/2025\/02\/20250220_091219-768x1024.jpg\" alt=\"20250220_091219\" \/><\/figure><\/div><div class=\"swiper-slide\" role=\"group\" aria-roledescription=\"slide\" aria-label=\"2 van 4\"><figure class=\"swiper-slide-inner\"><img decoding=\"async\" class=\"swiper-slide-image\" src=\"https:\/\/www.studio-22.nl\/wp-content\/uploads\/2025\/02\/20250220_093801-768x1024.jpg\" alt=\"20250220_093801\" \/><\/figure><\/div><div class=\"swiper-slide\" role=\"group\" aria-roledescription=\"slide\" aria-label=\"3 van 4\"><figure class=\"swiper-slide-inner\"><img decoding=\"async\" class=\"swiper-slide-image\" src=\"https:\/\/www.studio-22.nl\/wp-content\/uploads\/2025\/02\/20250220_092614-768x1024.jpg\" alt=\"20250220_092614\" \/><\/figure><\/div><div class=\"swiper-slide\" role=\"group\" aria-roledescription=\"slide\" aria-label=\"4 van 4\"><figure class=\"swiper-slide-inner\"><img decoding=\"async\" class=\"swiper-slide-image\" src=\"https:\/\/www.studio-22.nl\/wp-content\/uploads\/2025\/02\/20250220_090858-768x1024.jpg\" alt=\"20250220_090858\" \/><\/figure><\/div>\t\t\t<\/div>\n\t\t\t\t\t\t\t\t\t\t\t\t<div class=\"elementor-swiper-button elementor-swiper-button-prev\" role=\"button\" tabindex=\"0\">\n\t\t\t\t\t\t<i aria-hidden=\"true\" class=\"eicon-chevron-left\"><\/i>\t\t\t\t\t<\/div>\n\t\t\t\t\t<div class=\"elementor-swiper-button elementor-swiper-button-next\" role=\"button\" tabindex=\"0\">\n\t\t\t\t\t\t<i aria-hidden=\"true\" class=\"eicon-chevron-right\"><\/i>\t\t\t\t\t<\/div>\n\t\t\t\t\n\t\t\t\t\t\t\t\t\t<div class=\"swiper-pagination\"><\/div>\n\t\t\t\t\t\t\t\t\t<\/div>\n\t\t\t\t\t\t<\/div>\n\t\t\t\t<\/div>\n\t\t\t\t\t<\/div>\n\t\t<\/div>\n\t\t\t\t\t<\/div>\n\t\t<\/section>\n\t\t\t\t<\/div>\n\t\t","protected":false},"excerpt":{"rendered":"<p>Bij ons kun je lekker genieten van een ontspannende, verzorgende of huidverbeterende gezichtsbehandeling. Man, vrouw, jong of oud het maakt allemaal niets uit. Iedereen verdiendt het om af en toe eens te ontspannen tijdens een gezichtsbehandeling. \u00a0 Een gezichtsbehandeling is een belevenis en draagt bij aan het luxe gevoel van een mooie huid en verzorgde [&hellip;]<\/p>\n","protected":false},"author":2,"featured_media":0,"parent":0,"menu_order":0,"comment_status":"closed","ping_status":"closed","template":"","meta":{"footnotes":""},"class_list":["post-157","page","type-page","status-publish","hentry"],"yoast_head":"<!-- This site is optimized with the Yoast SEO plugin v27.4 - https:\/\/yoast.com\/product\/yoast-seo-wordpress\/ -->\n<title>Schoonheidssalon - Studio-22<\/title>\n<meta name=\"robots\" content=\"index, follow, max-snippet:-1, max-image-preview:large, max-video-preview:-1\" \/>\n<link rel=\"canonical\" href=\"https:\/\/www.studio-22.nl\/index.php\/schoonheidssalon\/\" \/>\n<meta property=\"og:locale\" content=\"nl_NL\" \/>\n<meta property=\"og:type\" content=\"article\" \/>\n<meta property=\"og:title\" content=\"Schoonheidssalon - Studio-22\" \/>\n<meta property=\"og:description\" content=\"Bij ons kun je lekker genieten van een ontspannende, verzorgende of huidverbeterende gezichtsbehandeling. Man, vrouw, jong of oud het maakt allemaal niets uit. Iedereen verdiendt het om af en toe eens te ontspannen tijdens een gezichtsbehandeling. \u00a0 Een gezichtsbehandeling is een belevenis en draagt bij aan het luxe gevoel van een mooie huid en verzorgde [&hellip;]\" \/>\n<meta property=\"og:url\" content=\"https:\/\/www.studio-22.nl\/index.php\/schoonheidssalon\/\" \/>\n<meta property=\"og:site_name\" content=\"Studio-22\" \/>\n<meta property=\"article:publisher\" content=\"https:\/\/www.facebook.com\/studio22Scheemda\" \/>\n<meta property=\"article:modified_time\" content=\"2025-03-02T20:47:32+00:00\" \/>\n<meta property=\"og:image\" content=\"https:\/\/www.studio-22.nl\/wp-content\/uploads\/2025\/02\/20250220_091219-768x1024.jpg\" \/>\n<meta name=\"twitter:card\" content=\"summary_large_image\" \/>\n<meta name=\"twitter:label1\" content=\"Geschatte leestijd\" \/>\n\t<meta name=\"twitter:data1\" content=\"3 minuten\" \/>\n<script type=\"application\/ld+json\" class=\"yoast-schema-graph\">{\"@context\":\"https:\\\/\\\/schema.org\",\"@graph\":[{\"@type\":\"WebPage\",\"@id\":\"https:\\\/\\\/www.studio-22.nl\\\/index.php\\\/schoonheidssalon\\\/\",\"url\":\"https:\\\/\\\/www.studio-22.nl\\\/index.php\\\/schoonheidssalon\\\/\",\"name\":\"Schoonheidssalon - Studio-22\",\"isPartOf\":{\"@id\":\"https:\\\/\\\/www.studio-22.nl\\\/#website\"},\"primaryImageOfPage\":{\"@id\":\"https:\\\/\\\/www.studio-22.nl\\\/index.php\\\/schoonheidssalon\\\/#primaryimage\"},\"image\":{\"@id\":\"https:\\\/\\\/www.studio-22.nl\\\/index.php\\\/schoonheidssalon\\\/#primaryimage\"},\"thumbnailUrl\":\"https:\\\/\\\/www.studio-22.nl\\\/wp-content\\\/uploads\\\/2025\\\/02\\\/20250220_091219-768x1024.jpg\",\"datePublished\":\"2019-07-17T20:20:04+00:00\",\"dateModified\":\"2025-03-02T20:47:32+00:00\",\"breadcrumb\":{\"@id\":\"https:\\\/\\\/www.studio-22.nl\\\/index.php\\\/schoonheidssalon\\\/#breadcrumb\"},\"inLanguage\":\"nl-NL\",\"potentialAction\":[{\"@type\":\"ReadAction\",\"target\":[\"https:\\\/\\\/www.studio-22.nl\\\/index.php\\\/schoonheidssalon\\\/\"]}]},{\"@type\":\"ImageObject\",\"inLanguage\":\"nl-NL\",\"@id\":\"https:\\\/\\\/www.studio-22.nl\\\/index.php\\\/schoonheidssalon\\\/#primaryimage\",\"url\":\"https:\\\/\\\/www.studio-22.nl\\\/wp-content\\\/uploads\\\/2025\\\/02\\\/20250220_091219-scaled.jpg\",\"contentUrl\":\"https:\\\/\\\/www.studio-22.nl\\\/wp-content\\\/uploads\\\/2025\\\/02\\\/20250220_091219-scaled.jpg\",\"width\":1920,\"height\":2560},{\"@type\":\"BreadcrumbList\",\"@id\":\"https:\\\/\\\/www.studio-22.nl\\\/index.php\\\/schoonheidssalon\\\/#breadcrumb\",\"itemListElement\":[{\"@type\":\"ListItem\",\"position\":1,\"name\":\"Home\",\"item\":\"https:\\\/\\\/www.studio-22.nl\\\/\"},{\"@type\":\"ListItem\",\"position\":2,\"name\":\"Schoonheidssalon\"}]},{\"@type\":\"WebSite\",\"@id\":\"https:\\\/\\\/www.studio-22.nl\\\/#website\",\"url\":\"https:\\\/\\\/www.studio-22.nl\\\/\",\"name\":\"Studio-22\",\"description\":\"\",\"publisher\":{\"@id\":\"https:\\\/\\\/www.studio-22.nl\\\/#organization\"},\"potentialAction\":[{\"@type\":\"SearchAction\",\"target\":{\"@type\":\"EntryPoint\",\"urlTemplate\":\"https:\\\/\\\/www.studio-22.nl\\\/?s={search_term_string}\"},\"query-input\":{\"@type\":\"PropertyValueSpecification\",\"valueRequired\":true,\"valueName\":\"search_term_string\"}}],\"inLanguage\":\"nl-NL\"},{\"@type\":\"Organization\",\"@id\":\"https:\\\/\\\/www.studio-22.nl\\\/#organization\",\"name\":\"Studio 22\",\"url\":\"https:\\\/\\\/www.studio-22.nl\\\/\",\"logo\":{\"@type\":\"ImageObject\",\"inLanguage\":\"nl-NL\",\"@id\":\"https:\\\/\\\/www.studio-22.nl\\\/#\\\/schema\\\/logo\\\/image\\\/\",\"url\":\"https:\\\/\\\/www.studio-22.nl\\\/wp-content\\\/uploads\\\/2020\\\/09\\\/studio-22-logo-eerste-deel.png\",\"contentUrl\":\"https:\\\/\\\/www.studio-22.nl\\\/wp-content\\\/uploads\\\/2020\\\/09\\\/studio-22-logo-eerste-deel.png\",\"width\":288,\"height\":124,\"caption\":\"Studio 22\"},\"image\":{\"@id\":\"https:\\\/\\\/www.studio-22.nl\\\/#\\\/schema\\\/logo\\\/image\\\/\"},\"sameAs\":[\"https:\\\/\\\/www.facebook.com\\\/studio22Scheemda\",\"https:\\\/\\\/www.instagram.com\\\/studio22.scheemda\\\/\"]}]}<\/script>\n<!-- \/ Yoast SEO plugin. -->","yoast_head_json":{"title":"Schoonheidssalon - Studio-22","robots":{"index":"index","follow":"follow","max-snippet":"max-snippet:-1","max-image-preview":"max-image-preview:large","max-video-preview":"max-video-preview:-1"},"canonical":"https:\/\/www.studio-22.nl\/index.php\/schoonheidssalon\/","og_locale":"nl_NL","og_type":"article","og_title":"Schoonheidssalon - Studio-22","og_description":"Bij ons kun je lekker genieten van een ontspannende, verzorgende of huidverbeterende gezichtsbehandeling. Man, vrouw, jong of oud het maakt allemaal niets uit. Iedereen verdiendt het om af en toe eens te ontspannen tijdens een gezichtsbehandeling. \u00a0 Een gezichtsbehandeling is een belevenis en draagt bij aan het luxe gevoel van een mooie huid en verzorgde [&hellip;]","og_url":"https:\/\/www.studio-22.nl\/index.php\/schoonheidssalon\/","og_site_name":"Studio-22","article_publisher":"https:\/\/www.facebook.com\/studio22Scheemda","article_modified_time":"2025-03-02T20:47:32+00:00","og_image":[{"url":"https:\/\/www.studio-22.nl\/wp-content\/uploads\/2025\/02\/20250220_091219-768x1024.jpg","type":"","width":"","height":""}],"twitter_card":"summary_large_image","twitter_misc":{"Geschatte leestijd":"3 minuten"},"schema":{"@context":"https:\/\/schema.org","@graph":[{"@type":"WebPage","@id":"https:\/\/www.studio-22.nl\/index.php\/schoonheidssalon\/","url":"https:\/\/www.studio-22.nl\/index.php\/schoonheidssalon\/","name":"Schoonheidssalon - Studio-22","isPartOf":{"@id":"https:\/\/www.studio-22.nl\/#website"},"primaryImageOfPage":{"@id":"https:\/\/www.studio-22.nl\/index.php\/schoonheidssalon\/#primaryimage"},"image":{"@id":"https:\/\/www.studio-22.nl\/index.php\/schoonheidssalon\/#primaryimage"},"thumbnailUrl":"https:\/\/www.studio-22.nl\/wp-content\/uploads\/2025\/02\/20250220_091219-768x1024.jpg","datePublished":"2019-07-17T20:20:04+00:00","dateModified":"2025-03-02T20:47:32+00:00","breadcrumb":{"@id":"https:\/\/www.studio-22.nl\/index.php\/schoonheidssalon\/#breadcrumb"},"inLanguage":"nl-NL","potentialAction":[{"@type":"ReadAction","target":["https:\/\/www.studio-22.nl\/index.php\/schoonheidssalon\/"]}]},{"@type":"ImageObject","inLanguage":"nl-NL","@id":"https:\/\/www.studio-22.nl\/index.php\/schoonheidssalon\/#primaryimage","url":"https:\/\/www.studio-22.nl\/wp-content\/uploads\/2025\/02\/20250220_091219-scaled.jpg","contentUrl":"https:\/\/www.studio-22.nl\/wp-content\/uploads\/2025\/02\/20250220_091219-scaled.jpg","width":1920,"height":2560},{"@type":"BreadcrumbList","@id":"https:\/\/www.studio-22.nl\/index.php\/schoonheidssalon\/#breadcrumb","itemListElement":[{"@type":"ListItem","position":1,"name":"Home","item":"https:\/\/www.studio-22.nl\/"},{"@type":"ListItem","position":2,"name":"Schoonheidssalon"}]},{"@type":"WebSite","@id":"https:\/\/www.studio-22.nl\/#website","url":"https:\/\/www.studio-22.nl\/","name":"Studio-22","description":"","publisher":{"@id":"https:\/\/www.studio-22.nl\/#organization"},"potentialAction":[{"@type":"SearchAction","target":{"@type":"EntryPoint","urlTemplate":"https:\/\/www.studio-22.nl\/?s={search_term_string}"},"query-input":{"@type":"PropertyValueSpecification","valueRequired":true,"valueName":"search_term_string"}}],"inLanguage":"nl-NL"},{"@type":"Organization","@id":"https:\/\/www.studio-22.nl\/#organization","name":"Studio 22","url":"https:\/\/www.studio-22.nl\/","logo":{"@type":"ImageObject","inLanguage":"nl-NL","@id":"https:\/\/www.studio-22.nl\/#\/schema\/logo\/image\/","url":"https:\/\/www.studio-22.nl\/wp-content\/uploads\/2020\/09\/studio-22-logo-eerste-deel.png","contentUrl":"https:\/\/www.studio-22.nl\/wp-content\/uploads\/2020\/09\/studio-22-logo-eerste-deel.png","width":288,"height":124,"caption":"Studio 22"},"image":{"@id":"https:\/\/www.studio-22.nl\/#\/schema\/logo\/image\/"},"sameAs":["https:\/\/www.facebook.com\/studio22Scheemda","https:\/\/www.instagram.com\/studio22.scheemda\/"]}]}},"_links":{"self":[{"href":"https:\/\/www.studio-22.nl\/index.php\/wp-json\/wp\/v2\/pages\/157","targetHints":{"allow":["GET"]}}],"collection":[{"href":"https:\/\/www.studio-22.nl\/index.php\/wp-json\/wp\/v2\/pages"}],"about":[{"href":"https:\/\/www.studio-22.nl\/index.php\/wp-json\/wp\/v2\/types\/page"}],"author":[{"embeddable":true,"href":"https:\/\/www.studio-22.nl\/index.php\/wp-json\/wp\/v2\/users\/2"}],"replies":[{"embeddable":true,"href":"https:\/\/www.studio-22.nl\/index.php\/wp-json\/wp\/v2\/comments?post=157"}],"version-history":[{"count":22,"href":"https:\/\/www.studio-22.nl\/index.php\/wp-json\/wp\/v2\/pages\/157\/revisions"}],"predecessor-version":[{"id":6235,"href":"https:\/\/www.studio-22.nl\/index.php\/wp-json\/wp\/v2\/pages\/157\/revisions\/6235"}],"wp:attachment":[{"href":"https:\/\/www.studio-22.nl\/index.php\/wp-json\/wp\/v2\/media?parent=157"}],"curies":[{"name":"wp","href":"https:\/\/api.w.org\/{rel}","templated":true}]}}