{"id":4735,"date":"2021-01-05T14:42:32","date_gmt":"2021-01-05T13:42:32","guid":{"rendered":"https:\/\/www.studio-22.nl\/?post_type=product&#038;p=4735"},"modified":"2024-11-26T21:58:11","modified_gmt":"2024-11-26T20:58:11","slug":"henriette-faroche-oogcreme-24-h-anti-tiredness-cream-vitamine-c-30-ml-11280","status":"publish","type":"product","link":"https:\/\/www.studio-22.nl\/index.php\/product\/henriette-faroche-oogcreme-24-h-anti-tiredness-cream-vitamine-c-30-ml-11280\/","title":{"rendered":"Henriette Faroche Oogcreme 24 h Anti &#8211; Tiredness Cream Vitamine C 30 ml 11280"},"content":{"rendered":"<p>Vitamine C stimuleert de huid om zelf collageen aan te maken, wat een glad, stevig en jeugdig effect geeft. Vitamine C helpt rimpels te verminderen en de huidstructuur te verbeteren. Daarnaast helpt Vitamine C de huid te beschermen tegen negatieve invloeden van buitenaf zoals zon, (stads) luchtvervuiling en roken.<\/p>\n<p>Vitamine C helpt om rimpels door uitdroging en kraaienpootjes rond de ogen te verminderen en de structuur van de huid te verbeteren. Vitamine C staat bekend om zijn sterke antioxiderende werking die de cellen beschermt tegen invloeden van buitenaf. Het stimuleert ook de aanmaak van collageen. &#8216;S Ochtends en&#8217; s avonds aanbrengen op een grondig gereinigde, droge huid en zachtjes inmasseren. Gebruik de Vitamine C 24-uurs cr\u00e8me samen met de Vitamine C oogcr\u00e8me.<\/p>\n<p>Ingredi\u00ebnten &#8211; Ingredi\u00ebnten &#8211; Inhaltstoffe &#8211; Ingr\u00e9dients<br \/>\nAqua, Cetearylalcohol, Capryl \/ Caprinezuurtriglyceride, Octyldodecanol, Ethylhexylstearaat, Glycerine, Ethylhexylmethoxycinnamaat, Panthenol, Cocoglyceriden, Dimethicon, Fenoxyethanol, Sodium, Phenoxyethanol, Natriumcetylsulfaat, Methoxycinnamaat Parfum, xanthaangom, dichloorbenzylalcohol, dinatrium-EDTA, propylparabeen, ethylparabeen, butylparaben, karamel, citroenzuur, hexylketoglutaraatesters, dinatriumfosfaat, kaliumfosfaat, BHT, tocoferol, hexylalcohol, amylkaneel, hexylolinaal kaneel.<\/p>\n","protected":false},"excerpt":{"rendered":"<p>Vitamine C stimuleert de huid om zelf collageen aan te maken, wat een glad, stevig en jeugdig effect geeft. Vitamine C helpt rimpels te verminderen en de huidstructuur te verbeteren.<\/p>\n","protected":false},"featured_media":5721,"comment_status":"open","ping_status":"closed","template":"","meta":[],"product_brand":[],"product_cat":[111],"product_tag":[247,227,246,249,248,250,245,243,208,242,241,396,244],"class_list":{"0":"post-4735","1":"product","2":"type-product","3":"status-publish","4":"has-post-thumbnail","6":"product_cat-vitamine-c","7":"product_tag-247","8":"product_tag-24-h","9":"product_tag-30-ml","10":"product_tag-anti-oxiderend","11":"product_tag-anti-tiredness-cream","12":"product_tag-collageen","13":"product_tag-creme-anti-fatigue","14":"product_tag-eyes","15":"product_tag-henriette-faroche","16":"product_tag-oog-cream","17":"product_tag-oog-creme","18":"product_tag-studio-22","19":"product_tag-yeux","20":"product_shipping_class-pakket","22":"first","23":"instock","24":"shipping-taxable","25":"purchasable","26":"product-type-simple"},"yoast_head":"<!-- This site is optimized with the Yoast SEO plugin v27.4 - https:\/\/yoast.com\/product\/yoast-seo-wordpress\/ -->\n<title>Henriette Faroche Oogcreme 24 h Anti - Tiredness Cream Vitamine C 30 ml 11280 - Studio-22<\/title>\n<meta name=\"robots\" content=\"index, follow, max-snippet:-1, max-image-preview:large, max-video-preview:-1\" \/>\n<link rel=\"canonical\" href=\"https:\/\/www.studio-22.nl\/index.php\/product\/henriette-faroche-oogcreme-24-h-anti-tiredness-cream-vitamine-c-30-ml-11280\/\" \/>\n<meta property=\"og:locale\" content=\"nl_NL\" \/>\n<meta property=\"og:type\" content=\"article\" \/>\n<meta property=\"og:title\" content=\"Henriette Faroche Oogcreme 24 h Anti - Tiredness Cream Vitamine C 30 ml 11280 - Studio-22\" \/>\n<meta property=\"og:description\" content=\"Vitamine C stimuleert de huid om zelf collageen aan te maken, wat een glad, stevig en jeugdig effect geeft. Vitamine C helpt rimpels te verminderen en de huidstructuur te verbeteren.\" \/>\n<meta property=\"og:url\" content=\"https:\/\/www.studio-22.nl\/index.php\/product\/henriette-faroche-oogcreme-24-h-anti-tiredness-cream-vitamine-c-30-ml-11280\/\" \/>\n<meta property=\"og:site_name\" content=\"Studio-22\" \/>\n<meta property=\"article:publisher\" content=\"https:\/\/www.facebook.com\/studio22Scheemda\" \/>\n<meta property=\"article:modified_time\" content=\"2024-11-26T20:58:11+00:00\" \/>\n<meta property=\"og:image\" content=\"https:\/\/www.studio-22.nl\/wp-content\/uploads\/2021\/01\/IMG_2899-scaled.jpeg\" \/>\n\t<meta property=\"og:image:width\" content=\"1920\" \/>\n\t<meta property=\"og:image:height\" content=\"2560\" \/>\n\t<meta property=\"og:image:type\" content=\"image\/jpeg\" \/>\n<meta name=\"twitter:card\" content=\"summary_large_image\" \/>\n<meta name=\"twitter:label1\" content=\"Geschatte leestijd\" \/>\n\t<meta name=\"twitter:data1\" content=\"1 minuut\" \/>\n<script type=\"application\/ld+json\" class=\"yoast-schema-graph\">{\"@context\":\"https:\\\/\\\/schema.org\",\"@graph\":[{\"@type\":\"WebPage\",\"@id\":\"https:\\\/\\\/www.studio-22.nl\\\/index.php\\\/product\\\/henriette-faroche-oogcreme-24-h-anti-tiredness-cream-vitamine-c-30-ml-11280\\\/\",\"url\":\"https:\\\/\\\/www.studio-22.nl\\\/index.php\\\/product\\\/henriette-faroche-oogcreme-24-h-anti-tiredness-cream-vitamine-c-30-ml-11280\\\/\",\"name\":\"Henriette Faroche Oogcreme 24 h Anti - Tiredness Cream Vitamine C 30 ml 11280 - Studio-22\",\"isPartOf\":{\"@id\":\"https:\\\/\\\/www.studio-22.nl\\\/#website\"},\"primaryImageOfPage\":{\"@id\":\"https:\\\/\\\/www.studio-22.nl\\\/index.php\\\/product\\\/henriette-faroche-oogcreme-24-h-anti-tiredness-cream-vitamine-c-30-ml-11280\\\/#primaryimage\"},\"image\":{\"@id\":\"https:\\\/\\\/www.studio-22.nl\\\/index.php\\\/product\\\/henriette-faroche-oogcreme-24-h-anti-tiredness-cream-vitamine-c-30-ml-11280\\\/#primaryimage\"},\"thumbnailUrl\":\"https:\\\/\\\/www.studio-22.nl\\\/wp-content\\\/uploads\\\/2021\\\/01\\\/IMG_2899-scaled.jpeg\",\"datePublished\":\"2021-01-05T13:42:32+00:00\",\"dateModified\":\"2024-11-26T20:58:11+00:00\",\"breadcrumb\":{\"@id\":\"https:\\\/\\\/www.studio-22.nl\\\/index.php\\\/product\\\/henriette-faroche-oogcreme-24-h-anti-tiredness-cream-vitamine-c-30-ml-11280\\\/#breadcrumb\"},\"inLanguage\":\"nl-NL\",\"potentialAction\":[{\"@type\":\"ReadAction\",\"target\":[\"https:\\\/\\\/www.studio-22.nl\\\/index.php\\\/product\\\/henriette-faroche-oogcreme-24-h-anti-tiredness-cream-vitamine-c-30-ml-11280\\\/\"]}]},{\"@type\":\"ImageObject\",\"inLanguage\":\"nl-NL\",\"@id\":\"https:\\\/\\\/www.studio-22.nl\\\/index.php\\\/product\\\/henriette-faroche-oogcreme-24-h-anti-tiredness-cream-vitamine-c-30-ml-11280\\\/#primaryimage\",\"url\":\"https:\\\/\\\/www.studio-22.nl\\\/wp-content\\\/uploads\\\/2021\\\/01\\\/IMG_2899-scaled.jpeg\",\"contentUrl\":\"https:\\\/\\\/www.studio-22.nl\\\/wp-content\\\/uploads\\\/2021\\\/01\\\/IMG_2899-scaled.jpeg\",\"width\":1920,\"height\":2560},{\"@type\":\"BreadcrumbList\",\"@id\":\"https:\\\/\\\/www.studio-22.nl\\\/index.php\\\/product\\\/henriette-faroche-oogcreme-24-h-anti-tiredness-cream-vitamine-c-30-ml-11280\\\/#breadcrumb\",\"itemListElement\":[{\"@type\":\"ListItem\",\"position\":1,\"name\":\"Home\",\"item\":\"https:\\\/\\\/www.studio-22.nl\\\/\"},{\"@type\":\"ListItem\",\"position\":2,\"name\":\"Shop\",\"item\":\"https:\\\/\\\/www.studio-22.nl\\\/index.php\\\/shop\\\/\"},{\"@type\":\"ListItem\",\"position\":3,\"name\":\"Henriette Faroche Oogcreme 24 h Anti &#8211; Tiredness Cream Vitamine C 30 ml 11280\"}]},{\"@type\":\"WebSite\",\"@id\":\"https:\\\/\\\/www.studio-22.nl\\\/#website\",\"url\":\"https:\\\/\\\/www.studio-22.nl\\\/\",\"name\":\"Studio-22\",\"description\":\"\",\"publisher\":{\"@id\":\"https:\\\/\\\/www.studio-22.nl\\\/#organization\"},\"potentialAction\":[{\"@type\":\"SearchAction\",\"target\":{\"@type\":\"EntryPoint\",\"urlTemplate\":\"https:\\\/\\\/www.studio-22.nl\\\/?s={search_term_string}\"},\"query-input\":{\"@type\":\"PropertyValueSpecification\",\"valueRequired\":true,\"valueName\":\"search_term_string\"}}],\"inLanguage\":\"nl-NL\"},{\"@type\":\"Organization\",\"@id\":\"https:\\\/\\\/www.studio-22.nl\\\/#organization\",\"name\":\"Studio 22\",\"url\":\"https:\\\/\\\/www.studio-22.nl\\\/\",\"logo\":{\"@type\":\"ImageObject\",\"inLanguage\":\"nl-NL\",\"@id\":\"https:\\\/\\\/www.studio-22.nl\\\/#\\\/schema\\\/logo\\\/image\\\/\",\"url\":\"https:\\\/\\\/www.studio-22.nl\\\/wp-content\\\/uploads\\\/2020\\\/09\\\/studio-22-logo-eerste-deel.png\",\"contentUrl\":\"https:\\\/\\\/www.studio-22.nl\\\/wp-content\\\/uploads\\\/2020\\\/09\\\/studio-22-logo-eerste-deel.png\",\"width\":288,\"height\":124,\"caption\":\"Studio 22\"},\"image\":{\"@id\":\"https:\\\/\\\/www.studio-22.nl\\\/#\\\/schema\\\/logo\\\/image\\\/\"},\"sameAs\":[\"https:\\\/\\\/www.facebook.com\\\/studio22Scheemda\",\"https:\\\/\\\/www.instagram.com\\\/studio22.scheemda\\\/\"]}]}<\/script>\n<!-- \/ Yoast SEO plugin. -->","yoast_head_json":{"title":"Henriette Faroche Oogcreme 24 h Anti - Tiredness Cream Vitamine C 30 ml 11280 - Studio-22","robots":{"index":"index","follow":"follow","max-snippet":"max-snippet:-1","max-image-preview":"max-image-preview:large","max-video-preview":"max-video-preview:-1"},"canonical":"https:\/\/www.studio-22.nl\/index.php\/product\/henriette-faroche-oogcreme-24-h-anti-tiredness-cream-vitamine-c-30-ml-11280\/","og_locale":"nl_NL","og_type":"article","og_title":"Henriette Faroche Oogcreme 24 h Anti - Tiredness Cream Vitamine C 30 ml 11280 - Studio-22","og_description":"Vitamine C stimuleert de huid om zelf collageen aan te maken, wat een glad, stevig en jeugdig effect geeft. Vitamine C helpt rimpels te verminderen en de huidstructuur te verbeteren.","og_url":"https:\/\/www.studio-22.nl\/index.php\/product\/henriette-faroche-oogcreme-24-h-anti-tiredness-cream-vitamine-c-30-ml-11280\/","og_site_name":"Studio-22","article_publisher":"https:\/\/www.facebook.com\/studio22Scheemda","article_modified_time":"2024-11-26T20:58:11+00:00","og_image":[{"width":1920,"height":2560,"url":"https:\/\/www.studio-22.nl\/wp-content\/uploads\/2021\/01\/IMG_2899-scaled.jpeg","type":"image\/jpeg"}],"twitter_card":"summary_large_image","twitter_misc":{"Geschatte leestijd":"1 minuut"},"schema":{"@context":"https:\/\/schema.org","@graph":[{"@type":"WebPage","@id":"https:\/\/www.studio-22.nl\/index.php\/product\/henriette-faroche-oogcreme-24-h-anti-tiredness-cream-vitamine-c-30-ml-11280\/","url":"https:\/\/www.studio-22.nl\/index.php\/product\/henriette-faroche-oogcreme-24-h-anti-tiredness-cream-vitamine-c-30-ml-11280\/","name":"Henriette Faroche Oogcreme 24 h Anti - Tiredness Cream Vitamine C 30 ml 11280 - Studio-22","isPartOf":{"@id":"https:\/\/www.studio-22.nl\/#website"},"primaryImageOfPage":{"@id":"https:\/\/www.studio-22.nl\/index.php\/product\/henriette-faroche-oogcreme-24-h-anti-tiredness-cream-vitamine-c-30-ml-11280\/#primaryimage"},"image":{"@id":"https:\/\/www.studio-22.nl\/index.php\/product\/henriette-faroche-oogcreme-24-h-anti-tiredness-cream-vitamine-c-30-ml-11280\/#primaryimage"},"thumbnailUrl":"https:\/\/www.studio-22.nl\/wp-content\/uploads\/2021\/01\/IMG_2899-scaled.jpeg","datePublished":"2021-01-05T13:42:32+00:00","dateModified":"2024-11-26T20:58:11+00:00","breadcrumb":{"@id":"https:\/\/www.studio-22.nl\/index.php\/product\/henriette-faroche-oogcreme-24-h-anti-tiredness-cream-vitamine-c-30-ml-11280\/#breadcrumb"},"inLanguage":"nl-NL","potentialAction":[{"@type":"ReadAction","target":["https:\/\/www.studio-22.nl\/index.php\/product\/henriette-faroche-oogcreme-24-h-anti-tiredness-cream-vitamine-c-30-ml-11280\/"]}]},{"@type":"ImageObject","inLanguage":"nl-NL","@id":"https:\/\/www.studio-22.nl\/index.php\/product\/henriette-faroche-oogcreme-24-h-anti-tiredness-cream-vitamine-c-30-ml-11280\/#primaryimage","url":"https:\/\/www.studio-22.nl\/wp-content\/uploads\/2021\/01\/IMG_2899-scaled.jpeg","contentUrl":"https:\/\/www.studio-22.nl\/wp-content\/uploads\/2021\/01\/IMG_2899-scaled.jpeg","width":1920,"height":2560},{"@type":"BreadcrumbList","@id":"https:\/\/www.studio-22.nl\/index.php\/product\/henriette-faroche-oogcreme-24-h-anti-tiredness-cream-vitamine-c-30-ml-11280\/#breadcrumb","itemListElement":[{"@type":"ListItem","position":1,"name":"Home","item":"https:\/\/www.studio-22.nl\/"},{"@type":"ListItem","position":2,"name":"Shop","item":"https:\/\/www.studio-22.nl\/index.php\/shop\/"},{"@type":"ListItem","position":3,"name":"Henriette Faroche Oogcreme 24 h Anti &#8211; Tiredness Cream Vitamine C 30 ml 11280"}]},{"@type":"WebSite","@id":"https:\/\/www.studio-22.nl\/#website","url":"https:\/\/www.studio-22.nl\/","name":"Studio-22","description":"","publisher":{"@id":"https:\/\/www.studio-22.nl\/#organization"},"potentialAction":[{"@type":"SearchAction","target":{"@type":"EntryPoint","urlTemplate":"https:\/\/www.studio-22.nl\/?s={search_term_string}"},"query-input":{"@type":"PropertyValueSpecification","valueRequired":true,"valueName":"search_term_string"}}],"inLanguage":"nl-NL"},{"@type":"Organization","@id":"https:\/\/www.studio-22.nl\/#organization","name":"Studio 22","url":"https:\/\/www.studio-22.nl\/","logo":{"@type":"ImageObject","inLanguage":"nl-NL","@id":"https:\/\/www.studio-22.nl\/#\/schema\/logo\/image\/","url":"https:\/\/www.studio-22.nl\/wp-content\/uploads\/2020\/09\/studio-22-logo-eerste-deel.png","contentUrl":"https:\/\/www.studio-22.nl\/wp-content\/uploads\/2020\/09\/studio-22-logo-eerste-deel.png","width":288,"height":124,"caption":"Studio 22"},"image":{"@id":"https:\/\/www.studio-22.nl\/#\/schema\/logo\/image\/"},"sameAs":["https:\/\/www.facebook.com\/studio22Scheemda","https:\/\/www.instagram.com\/studio22.scheemda\/"]}]}},"_links":{"self":[{"href":"https:\/\/www.studio-22.nl\/index.php\/wp-json\/wp\/v2\/product\/4735","targetHints":{"allow":["GET"]}}],"collection":[{"href":"https:\/\/www.studio-22.nl\/index.php\/wp-json\/wp\/v2\/product"}],"about":[{"href":"https:\/\/www.studio-22.nl\/index.php\/wp-json\/wp\/v2\/types\/product"}],"replies":[{"embeddable":true,"href":"https:\/\/www.studio-22.nl\/index.php\/wp-json\/wp\/v2\/comments?post=4735"}],"wp:featuredmedia":[{"embeddable":true,"href":"https:\/\/www.studio-22.nl\/index.php\/wp-json\/wp\/v2\/media\/5721"}],"wp:attachment":[{"href":"https:\/\/www.studio-22.nl\/index.php\/wp-json\/wp\/v2\/media?parent=4735"}],"wp:term":[{"taxonomy":"product_brand","embeddable":true,"href":"https:\/\/www.studio-22.nl\/index.php\/wp-json\/wp\/v2\/product_brand?post=4735"},{"taxonomy":"product_cat","embeddable":true,"href":"https:\/\/www.studio-22.nl\/index.php\/wp-json\/wp\/v2\/product_cat?post=4735"},{"taxonomy":"product_tag","embeddable":true,"href":"https:\/\/www.studio-22.nl\/index.php\/wp-json\/wp\/v2\/product_tag?post=4735"}],"curies":[{"name":"wp","href":"https:\/\/api.w.org\/{rel}","templated":true}]}}