{"id":5090,"date":"2022-01-23T18:24:34","date_gmt":"2022-01-23T17:24:34","guid":{"rendered":"https:\/\/www.studio-22.nl\/?post_type=product&#038;p=5090"},"modified":"2024-06-17T21:32:02","modified_gmt":"2024-06-17T20:32:02","slug":"laneche-pepha-tight-night-creme","status":"publish","type":"product","link":"https:\/\/www.studio-22.nl\/index.php\/product\/laneche-pepha-tight-night-creme\/","title":{"rendered":"Lan\u00e8che Pepha Tight night cr\u00e8me"},"content":{"rendered":"<p>Pepha Tight is een natuurzuiver extract van de Nannochloropsis oculata microalg en geeft direct meer spanning aan de huid waardoor een face-lift effect ontstaat.<\/p>\n<p>Deze rijke nachtverzorging met het actieve ingredi\u00ebnt Pepha Tight heeft een extra intensieve werking als de huid gedurende de nacht beter in staat is om de werkstoffen op te nemen. Als ondersteuning van de dagcreme zorgt de nachtverzorging dat de huid bij het ontwaken al direct een frisse en stralende teint heeft. Door de betere conditie herstelt de huid sneller van vermoeidheid. De Pepha Tight nachtverzorging zorgt voor een face-liftend effect terwijl u slaapt. Na reiniging aanbrengen en lichtjes in de huid masseren.<\/p>\n","protected":false},"excerpt":{"rendered":"<p>Lan\u00e8che nacht cr\u00e8me<\/p>\n","protected":false},"featured_media":5355,"comment_status":"open","ping_status":"closed","template":"","meta":[],"product_brand":[],"product_cat":[81],"product_tag":[730,784],"class_list":{"0":"post-5090","1":"product","2":"type-product","3":"status-publish","4":"has-post-thumbnail","6":"product_cat-overig","7":"product_tag-laneche","8":"product_tag-nacht-creme","9":"product_shipping_class-brief","11":"first","12":"outofstock","13":"shipping-taxable","14":"purchasable","15":"product-type-simple"},"yoast_head":"<!-- This site is optimized with the Yoast SEO plugin v27.4 - https:\/\/yoast.com\/product\/yoast-seo-wordpress\/ -->\n<title>Lan\u00e8che Pepha Tight night cr\u00e8me - Studio-22<\/title>\n<meta name=\"robots\" content=\"index, follow, max-snippet:-1, max-image-preview:large, max-video-preview:-1\" \/>\n<link rel=\"canonical\" href=\"https:\/\/www.studio-22.nl\/index.php\/product\/laneche-pepha-tight-night-creme\/\" \/>\n<meta property=\"og:locale\" content=\"nl_NL\" \/>\n<meta property=\"og:type\" content=\"article\" \/>\n<meta property=\"og:title\" content=\"Lan\u00e8che Pepha Tight night cr\u00e8me - Studio-22\" \/>\n<meta property=\"og:description\" content=\"Lan\u00e8che nacht cr\u00e8me\" \/>\n<meta property=\"og:url\" content=\"https:\/\/www.studio-22.nl\/index.php\/product\/laneche-pepha-tight-night-creme\/\" \/>\n<meta property=\"og:site_name\" content=\"Studio-22\" \/>\n<meta property=\"article:publisher\" content=\"https:\/\/www.facebook.com\/studio22Scheemda\" \/>\n<meta property=\"article:modified_time\" content=\"2024-06-17T20:32:02+00:00\" \/>\n<meta property=\"og:image\" content=\"https:\/\/www.studio-22.nl\/wp-content\/uploads\/2022\/01\/IMG_9863-scaled.jpeg\" \/>\n\t<meta property=\"og:image:width\" content=\"1920\" \/>\n\t<meta property=\"og:image:height\" content=\"2560\" \/>\n\t<meta property=\"og:image:type\" content=\"image\/jpeg\" \/>\n<meta name=\"twitter:card\" content=\"summary_large_image\" \/>\n<meta name=\"twitter:label1\" content=\"Geschatte leestijd\" \/>\n\t<meta name=\"twitter:data1\" content=\"1 minuut\" \/>\n<script type=\"application\/ld+json\" class=\"yoast-schema-graph\">{\"@context\":\"https:\\\/\\\/schema.org\",\"@graph\":[{\"@type\":\"WebPage\",\"@id\":\"https:\\\/\\\/www.studio-22.nl\\\/index.php\\\/product\\\/laneche-pepha-tight-night-creme\\\/\",\"url\":\"https:\\\/\\\/www.studio-22.nl\\\/index.php\\\/product\\\/laneche-pepha-tight-night-creme\\\/\",\"name\":\"Lan\u00e8che Pepha Tight night cr\u00e8me - Studio-22\",\"isPartOf\":{\"@id\":\"https:\\\/\\\/www.studio-22.nl\\\/#website\"},\"primaryImageOfPage\":{\"@id\":\"https:\\\/\\\/www.studio-22.nl\\\/index.php\\\/product\\\/laneche-pepha-tight-night-creme\\\/#primaryimage\"},\"image\":{\"@id\":\"https:\\\/\\\/www.studio-22.nl\\\/index.php\\\/product\\\/laneche-pepha-tight-night-creme\\\/#primaryimage\"},\"thumbnailUrl\":\"https:\\\/\\\/www.studio-22.nl\\\/wp-content\\\/uploads\\\/2022\\\/01\\\/IMG_9863-scaled.jpeg\",\"datePublished\":\"2022-01-23T17:24:34+00:00\",\"dateModified\":\"2024-06-17T20:32:02+00:00\",\"breadcrumb\":{\"@id\":\"https:\\\/\\\/www.studio-22.nl\\\/index.php\\\/product\\\/laneche-pepha-tight-night-creme\\\/#breadcrumb\"},\"inLanguage\":\"nl-NL\",\"potentialAction\":[{\"@type\":\"ReadAction\",\"target\":[\"https:\\\/\\\/www.studio-22.nl\\\/index.php\\\/product\\\/laneche-pepha-tight-night-creme\\\/\"]}]},{\"@type\":\"ImageObject\",\"inLanguage\":\"nl-NL\",\"@id\":\"https:\\\/\\\/www.studio-22.nl\\\/index.php\\\/product\\\/laneche-pepha-tight-night-creme\\\/#primaryimage\",\"url\":\"https:\\\/\\\/www.studio-22.nl\\\/wp-content\\\/uploads\\\/2022\\\/01\\\/IMG_9863-scaled.jpeg\",\"contentUrl\":\"https:\\\/\\\/www.studio-22.nl\\\/wp-content\\\/uploads\\\/2022\\\/01\\\/IMG_9863-scaled.jpeg\",\"width\":1920,\"height\":2560},{\"@type\":\"BreadcrumbList\",\"@id\":\"https:\\\/\\\/www.studio-22.nl\\\/index.php\\\/product\\\/laneche-pepha-tight-night-creme\\\/#breadcrumb\",\"itemListElement\":[{\"@type\":\"ListItem\",\"position\":1,\"name\":\"Home\",\"item\":\"https:\\\/\\\/www.studio-22.nl\\\/\"},{\"@type\":\"ListItem\",\"position\":2,\"name\":\"Shop\",\"item\":\"https:\\\/\\\/www.studio-22.nl\\\/index.php\\\/shop\\\/\"},{\"@type\":\"ListItem\",\"position\":3,\"name\":\"Lan\u00e8che Pepha Tight night cr\u00e8me\"}]},{\"@type\":\"WebSite\",\"@id\":\"https:\\\/\\\/www.studio-22.nl\\\/#website\",\"url\":\"https:\\\/\\\/www.studio-22.nl\\\/\",\"name\":\"Studio-22\",\"description\":\"\",\"publisher\":{\"@id\":\"https:\\\/\\\/www.studio-22.nl\\\/#organization\"},\"potentialAction\":[{\"@type\":\"SearchAction\",\"target\":{\"@type\":\"EntryPoint\",\"urlTemplate\":\"https:\\\/\\\/www.studio-22.nl\\\/?s={search_term_string}\"},\"query-input\":{\"@type\":\"PropertyValueSpecification\",\"valueRequired\":true,\"valueName\":\"search_term_string\"}}],\"inLanguage\":\"nl-NL\"},{\"@type\":\"Organization\",\"@id\":\"https:\\\/\\\/www.studio-22.nl\\\/#organization\",\"name\":\"Studio 22\",\"url\":\"https:\\\/\\\/www.studio-22.nl\\\/\",\"logo\":{\"@type\":\"ImageObject\",\"inLanguage\":\"nl-NL\",\"@id\":\"https:\\\/\\\/www.studio-22.nl\\\/#\\\/schema\\\/logo\\\/image\\\/\",\"url\":\"https:\\\/\\\/www.studio-22.nl\\\/wp-content\\\/uploads\\\/2020\\\/09\\\/studio-22-logo-eerste-deel.png\",\"contentUrl\":\"https:\\\/\\\/www.studio-22.nl\\\/wp-content\\\/uploads\\\/2020\\\/09\\\/studio-22-logo-eerste-deel.png\",\"width\":288,\"height\":124,\"caption\":\"Studio 22\"},\"image\":{\"@id\":\"https:\\\/\\\/www.studio-22.nl\\\/#\\\/schema\\\/logo\\\/image\\\/\"},\"sameAs\":[\"https:\\\/\\\/www.facebook.com\\\/studio22Scheemda\",\"https:\\\/\\\/www.instagram.com\\\/studio22.scheemda\\\/\"]}]}<\/script>\n<!-- \/ Yoast SEO plugin. -->","yoast_head_json":{"title":"Lan\u00e8che Pepha Tight night cr\u00e8me - Studio-22","robots":{"index":"index","follow":"follow","max-snippet":"max-snippet:-1","max-image-preview":"max-image-preview:large","max-video-preview":"max-video-preview:-1"},"canonical":"https:\/\/www.studio-22.nl\/index.php\/product\/laneche-pepha-tight-night-creme\/","og_locale":"nl_NL","og_type":"article","og_title":"Lan\u00e8che Pepha Tight night cr\u00e8me - Studio-22","og_description":"Lan\u00e8che nacht cr\u00e8me","og_url":"https:\/\/www.studio-22.nl\/index.php\/product\/laneche-pepha-tight-night-creme\/","og_site_name":"Studio-22","article_publisher":"https:\/\/www.facebook.com\/studio22Scheemda","article_modified_time":"2024-06-17T20:32:02+00:00","og_image":[{"width":1920,"height":2560,"url":"https:\/\/www.studio-22.nl\/wp-content\/uploads\/2022\/01\/IMG_9863-scaled.jpeg","type":"image\/jpeg"}],"twitter_card":"summary_large_image","twitter_misc":{"Geschatte leestijd":"1 minuut"},"schema":{"@context":"https:\/\/schema.org","@graph":[{"@type":"WebPage","@id":"https:\/\/www.studio-22.nl\/index.php\/product\/laneche-pepha-tight-night-creme\/","url":"https:\/\/www.studio-22.nl\/index.php\/product\/laneche-pepha-tight-night-creme\/","name":"Lan\u00e8che Pepha Tight night cr\u00e8me - Studio-22","isPartOf":{"@id":"https:\/\/www.studio-22.nl\/#website"},"primaryImageOfPage":{"@id":"https:\/\/www.studio-22.nl\/index.php\/product\/laneche-pepha-tight-night-creme\/#primaryimage"},"image":{"@id":"https:\/\/www.studio-22.nl\/index.php\/product\/laneche-pepha-tight-night-creme\/#primaryimage"},"thumbnailUrl":"https:\/\/www.studio-22.nl\/wp-content\/uploads\/2022\/01\/IMG_9863-scaled.jpeg","datePublished":"2022-01-23T17:24:34+00:00","dateModified":"2024-06-17T20:32:02+00:00","breadcrumb":{"@id":"https:\/\/www.studio-22.nl\/index.php\/product\/laneche-pepha-tight-night-creme\/#breadcrumb"},"inLanguage":"nl-NL","potentialAction":[{"@type":"ReadAction","target":["https:\/\/www.studio-22.nl\/index.php\/product\/laneche-pepha-tight-night-creme\/"]}]},{"@type":"ImageObject","inLanguage":"nl-NL","@id":"https:\/\/www.studio-22.nl\/index.php\/product\/laneche-pepha-tight-night-creme\/#primaryimage","url":"https:\/\/www.studio-22.nl\/wp-content\/uploads\/2022\/01\/IMG_9863-scaled.jpeg","contentUrl":"https:\/\/www.studio-22.nl\/wp-content\/uploads\/2022\/01\/IMG_9863-scaled.jpeg","width":1920,"height":2560},{"@type":"BreadcrumbList","@id":"https:\/\/www.studio-22.nl\/index.php\/product\/laneche-pepha-tight-night-creme\/#breadcrumb","itemListElement":[{"@type":"ListItem","position":1,"name":"Home","item":"https:\/\/www.studio-22.nl\/"},{"@type":"ListItem","position":2,"name":"Shop","item":"https:\/\/www.studio-22.nl\/index.php\/shop\/"},{"@type":"ListItem","position":3,"name":"Lan\u00e8che Pepha Tight night cr\u00e8me"}]},{"@type":"WebSite","@id":"https:\/\/www.studio-22.nl\/#website","url":"https:\/\/www.studio-22.nl\/","name":"Studio-22","description":"","publisher":{"@id":"https:\/\/www.studio-22.nl\/#organization"},"potentialAction":[{"@type":"SearchAction","target":{"@type":"EntryPoint","urlTemplate":"https:\/\/www.studio-22.nl\/?s={search_term_string}"},"query-input":{"@type":"PropertyValueSpecification","valueRequired":true,"valueName":"search_term_string"}}],"inLanguage":"nl-NL"},{"@type":"Organization","@id":"https:\/\/www.studio-22.nl\/#organization","name":"Studio 22","url":"https:\/\/www.studio-22.nl\/","logo":{"@type":"ImageObject","inLanguage":"nl-NL","@id":"https:\/\/www.studio-22.nl\/#\/schema\/logo\/image\/","url":"https:\/\/www.studio-22.nl\/wp-content\/uploads\/2020\/09\/studio-22-logo-eerste-deel.png","contentUrl":"https:\/\/www.studio-22.nl\/wp-content\/uploads\/2020\/09\/studio-22-logo-eerste-deel.png","width":288,"height":124,"caption":"Studio 22"},"image":{"@id":"https:\/\/www.studio-22.nl\/#\/schema\/logo\/image\/"},"sameAs":["https:\/\/www.facebook.com\/studio22Scheemda","https:\/\/www.instagram.com\/studio22.scheemda\/"]}]}},"_links":{"self":[{"href":"https:\/\/www.studio-22.nl\/index.php\/wp-json\/wp\/v2\/product\/5090","targetHints":{"allow":["GET"]}}],"collection":[{"href":"https:\/\/www.studio-22.nl\/index.php\/wp-json\/wp\/v2\/product"}],"about":[{"href":"https:\/\/www.studio-22.nl\/index.php\/wp-json\/wp\/v2\/types\/product"}],"replies":[{"embeddable":true,"href":"https:\/\/www.studio-22.nl\/index.php\/wp-json\/wp\/v2\/comments?post=5090"}],"wp:featuredmedia":[{"embeddable":true,"href":"https:\/\/www.studio-22.nl\/index.php\/wp-json\/wp\/v2\/media\/5355"}],"wp:attachment":[{"href":"https:\/\/www.studio-22.nl\/index.php\/wp-json\/wp\/v2\/media?parent=5090"}],"wp:term":[{"taxonomy":"product_brand","embeddable":true,"href":"https:\/\/www.studio-22.nl\/index.php\/wp-json\/wp\/v2\/product_brand?post=5090"},{"taxonomy":"product_cat","embeddable":true,"href":"https:\/\/www.studio-22.nl\/index.php\/wp-json\/wp\/v2\/product_cat?post=5090"},{"taxonomy":"product_tag","embeddable":true,"href":"https:\/\/www.studio-22.nl\/index.php\/wp-json\/wp\/v2\/product_tag?post=5090"}],"curies":[{"name":"wp","href":"https:\/\/api.w.org\/{rel}","templated":true}]}}