{"id":5622,"date":"2024-06-14T20:53:38","date_gmt":"2024-06-14T19:53:38","guid":{"rendered":"https:\/\/www.studio-22.nl\/?post_type=product&#038;p=5622"},"modified":"2025-08-12T10:58:54","modified_gmt":"2025-08-12T09:58:54","slug":"laneche-atersun-milk-200-ml","status":"publish","type":"product","link":"https:\/\/www.studio-22.nl\/index.php\/product\/laneche-atersun-milk-200-ml\/","title":{"rendered":"Laneche Atersun milk 200 ml"},"content":{"rendered":"<p>Zonnestralen stimuleren de aanmaak van vitamine D en melanine, ze hebben een positief effect op verschillende huidaandoeningen waaronder psoriasis en bovendien be\u00efnvloedt de zon ons humeur op een positieve manier. Desalniettemin kan de zon ook zeer schadelijk zijn. Niet enkel huidkanker maar ook het overgrote deel van alle huidverouderingsverschijnselen zoals rimpels en pigmentvlekjes, wordt veroorzaakt door de zon. Of beter gezegd, door UV straling. UV straling is de belangrijkste oorzaak van vroegtijdige huidveroudering. De UVA en UVB stralen in het zonlicht zorgen voor schade op de korte en op de lange termijn. Zonschade op de korte termijn uit zich in roodheid en verbranding en wordt veroorzaakt door UVB stralen. UVA-straling dringt dieper door in de huid en tast collageen en elastine weefsels aan. Dit leidt tot rimpelvorming en verminderde stevigheid van de huid. Op de lange termijn kan UVA-straling ook leiden tot het ontstaan van pigmentvlekken. Om schade te voorkomen is het van belang de huid dagelijks te beschermen met een SPF. Ook als het bewolkt is! De Lan\u00e8che Sun zonnelijn bestaat uit een uitgebalanceerd assortiment zonneproducten voor een optimale bescherming en verzorging.<\/p>\n","protected":false},"excerpt":{"rendered":"<p>Zachte Aftersun op basis van zonnebloem olie die de huid verzacht en verzorgt. Bevat daarnaast onder meer allanto\u00efn en alo\u00eb vera die de huid helpen kalmeren. Alo\u00eb vera staat bekend om haar positieve effect op de zonverbrande huid.<\/p>\n","protected":false},"featured_media":5712,"comment_status":"open","ping_status":"closed","template":"","meta":[],"product_brand":[],"product_cat":[961,980],"product_tag":[223,981,982,149,983,730,342],"class_list":{"0":"post-5622","1":"product","2":"type-product","3":"status-publish","4":"has-post-thumbnail","6":"product_cat-laneche","7":"product_cat-sun","8":"product_tag-200-ml","9":"product_tag-after-sun","10":"product_tag-aftersun-milk","11":"product_tag-hydraterend","12":"product_tag-hydraterende-aftersun-milk","13":"product_tag-laneche","14":"product_tag-milk","16":"first","17":"instock","18":"shipping-taxable","19":"purchasable","20":"product-type-simple"},"yoast_head":"<!-- This site is optimized with the Yoast SEO plugin v27.4 - https:\/\/yoast.com\/product\/yoast-seo-wordpress\/ -->\n<title>Laneche Atersun milk 200 ml - Studio-22<\/title>\n<meta name=\"robots\" content=\"index, follow, max-snippet:-1, max-image-preview:large, max-video-preview:-1\" \/>\n<link rel=\"canonical\" href=\"https:\/\/www.studio-22.nl\/index.php\/product\/laneche-atersun-milk-200-ml\/\" \/>\n<meta property=\"og:locale\" content=\"nl_NL\" \/>\n<meta property=\"og:type\" content=\"article\" \/>\n<meta property=\"og:title\" content=\"Laneche Atersun milk 200 ml - Studio-22\" \/>\n<meta property=\"og:description\" content=\"Zachte Aftersun op basis van zonnebloem olie die de huid verzacht en verzorgt. Bevat daarnaast onder meer allanto\u00efn en alo\u00eb vera die de huid helpen kalmeren. Alo\u00eb vera staat bekend om haar positieve effect op de zonverbrande huid.\" \/>\n<meta property=\"og:url\" content=\"https:\/\/www.studio-22.nl\/index.php\/product\/laneche-atersun-milk-200-ml\/\" \/>\n<meta property=\"og:site_name\" content=\"Studio-22\" \/>\n<meta property=\"article:publisher\" content=\"https:\/\/www.facebook.com\/studio22Scheemda\" \/>\n<meta property=\"article:modified_time\" content=\"2025-08-12T09:58:54+00:00\" \/>\n<meta property=\"og:image\" content=\"https:\/\/www.studio-22.nl\/wp-content\/uploads\/2024\/06\/IMG_2890-scaled.jpeg\" \/>\n\t<meta property=\"og:image:width\" content=\"1920\" \/>\n\t<meta property=\"og:image:height\" content=\"2560\" \/>\n\t<meta property=\"og:image:type\" content=\"image\/jpeg\" \/>\n<meta name=\"twitter:card\" content=\"summary_large_image\" \/>\n<meta name=\"twitter:label1\" content=\"Geschatte leestijd\" \/>\n\t<meta name=\"twitter:data1\" content=\"1 minuut\" \/>\n<script type=\"application\/ld+json\" class=\"yoast-schema-graph\">{\"@context\":\"https:\\\/\\\/schema.org\",\"@graph\":[{\"@type\":\"WebPage\",\"@id\":\"https:\\\/\\\/www.studio-22.nl\\\/index.php\\\/product\\\/laneche-atersun-milk-200-ml\\\/\",\"url\":\"https:\\\/\\\/www.studio-22.nl\\\/index.php\\\/product\\\/laneche-atersun-milk-200-ml\\\/\",\"name\":\"Laneche Atersun milk 200 ml - Studio-22\",\"isPartOf\":{\"@id\":\"https:\\\/\\\/www.studio-22.nl\\\/#website\"},\"primaryImageOfPage\":{\"@id\":\"https:\\\/\\\/www.studio-22.nl\\\/index.php\\\/product\\\/laneche-atersun-milk-200-ml\\\/#primaryimage\"},\"image\":{\"@id\":\"https:\\\/\\\/www.studio-22.nl\\\/index.php\\\/product\\\/laneche-atersun-milk-200-ml\\\/#primaryimage\"},\"thumbnailUrl\":\"https:\\\/\\\/www.studio-22.nl\\\/wp-content\\\/uploads\\\/2024\\\/06\\\/IMG_2890-scaled.jpeg\",\"datePublished\":\"2024-06-14T19:53:38+00:00\",\"dateModified\":\"2025-08-12T09:58:54+00:00\",\"breadcrumb\":{\"@id\":\"https:\\\/\\\/www.studio-22.nl\\\/index.php\\\/product\\\/laneche-atersun-milk-200-ml\\\/#breadcrumb\"},\"inLanguage\":\"nl-NL\",\"potentialAction\":[{\"@type\":\"ReadAction\",\"target\":[\"https:\\\/\\\/www.studio-22.nl\\\/index.php\\\/product\\\/laneche-atersun-milk-200-ml\\\/\"]}]},{\"@type\":\"ImageObject\",\"inLanguage\":\"nl-NL\",\"@id\":\"https:\\\/\\\/www.studio-22.nl\\\/index.php\\\/product\\\/laneche-atersun-milk-200-ml\\\/#primaryimage\",\"url\":\"https:\\\/\\\/www.studio-22.nl\\\/wp-content\\\/uploads\\\/2024\\\/06\\\/IMG_2890-scaled.jpeg\",\"contentUrl\":\"https:\\\/\\\/www.studio-22.nl\\\/wp-content\\\/uploads\\\/2024\\\/06\\\/IMG_2890-scaled.jpeg\",\"width\":1920,\"height\":2560},{\"@type\":\"BreadcrumbList\",\"@id\":\"https:\\\/\\\/www.studio-22.nl\\\/index.php\\\/product\\\/laneche-atersun-milk-200-ml\\\/#breadcrumb\",\"itemListElement\":[{\"@type\":\"ListItem\",\"position\":1,\"name\":\"Home\",\"item\":\"https:\\\/\\\/www.studio-22.nl\\\/\"},{\"@type\":\"ListItem\",\"position\":2,\"name\":\"Shop\",\"item\":\"https:\\\/\\\/www.studio-22.nl\\\/index.php\\\/shop\\\/\"},{\"@type\":\"ListItem\",\"position\":3,\"name\":\"Laneche Atersun milk 200 ml\"}]},{\"@type\":\"WebSite\",\"@id\":\"https:\\\/\\\/www.studio-22.nl\\\/#website\",\"url\":\"https:\\\/\\\/www.studio-22.nl\\\/\",\"name\":\"Studio-22\",\"description\":\"\",\"publisher\":{\"@id\":\"https:\\\/\\\/www.studio-22.nl\\\/#organization\"},\"potentialAction\":[{\"@type\":\"SearchAction\",\"target\":{\"@type\":\"EntryPoint\",\"urlTemplate\":\"https:\\\/\\\/www.studio-22.nl\\\/?s={search_term_string}\"},\"query-input\":{\"@type\":\"PropertyValueSpecification\",\"valueRequired\":true,\"valueName\":\"search_term_string\"}}],\"inLanguage\":\"nl-NL\"},{\"@type\":\"Organization\",\"@id\":\"https:\\\/\\\/www.studio-22.nl\\\/#organization\",\"name\":\"Studio 22\",\"url\":\"https:\\\/\\\/www.studio-22.nl\\\/\",\"logo\":{\"@type\":\"ImageObject\",\"inLanguage\":\"nl-NL\",\"@id\":\"https:\\\/\\\/www.studio-22.nl\\\/#\\\/schema\\\/logo\\\/image\\\/\",\"url\":\"https:\\\/\\\/www.studio-22.nl\\\/wp-content\\\/uploads\\\/2020\\\/09\\\/studio-22-logo-eerste-deel.png\",\"contentUrl\":\"https:\\\/\\\/www.studio-22.nl\\\/wp-content\\\/uploads\\\/2020\\\/09\\\/studio-22-logo-eerste-deel.png\",\"width\":288,\"height\":124,\"caption\":\"Studio 22\"},\"image\":{\"@id\":\"https:\\\/\\\/www.studio-22.nl\\\/#\\\/schema\\\/logo\\\/image\\\/\"},\"sameAs\":[\"https:\\\/\\\/www.facebook.com\\\/studio22Scheemda\",\"https:\\\/\\\/www.instagram.com\\\/studio22.scheemda\\\/\"]}]}<\/script>\n<!-- \/ Yoast SEO plugin. -->","yoast_head_json":{"title":"Laneche Atersun milk 200 ml - Studio-22","robots":{"index":"index","follow":"follow","max-snippet":"max-snippet:-1","max-image-preview":"max-image-preview:large","max-video-preview":"max-video-preview:-1"},"canonical":"https:\/\/www.studio-22.nl\/index.php\/product\/laneche-atersun-milk-200-ml\/","og_locale":"nl_NL","og_type":"article","og_title":"Laneche Atersun milk 200 ml - Studio-22","og_description":"Zachte Aftersun op basis van zonnebloem olie die de huid verzacht en verzorgt. Bevat daarnaast onder meer allanto\u00efn en alo\u00eb vera die de huid helpen kalmeren. Alo\u00eb vera staat bekend om haar positieve effect op de zonverbrande huid.","og_url":"https:\/\/www.studio-22.nl\/index.php\/product\/laneche-atersun-milk-200-ml\/","og_site_name":"Studio-22","article_publisher":"https:\/\/www.facebook.com\/studio22Scheemda","article_modified_time":"2025-08-12T09:58:54+00:00","og_image":[{"width":1920,"height":2560,"url":"https:\/\/www.studio-22.nl\/wp-content\/uploads\/2024\/06\/IMG_2890-scaled.jpeg","type":"image\/jpeg"}],"twitter_card":"summary_large_image","twitter_misc":{"Geschatte leestijd":"1 minuut"},"schema":{"@context":"https:\/\/schema.org","@graph":[{"@type":"WebPage","@id":"https:\/\/www.studio-22.nl\/index.php\/product\/laneche-atersun-milk-200-ml\/","url":"https:\/\/www.studio-22.nl\/index.php\/product\/laneche-atersun-milk-200-ml\/","name":"Laneche Atersun milk 200 ml - Studio-22","isPartOf":{"@id":"https:\/\/www.studio-22.nl\/#website"},"primaryImageOfPage":{"@id":"https:\/\/www.studio-22.nl\/index.php\/product\/laneche-atersun-milk-200-ml\/#primaryimage"},"image":{"@id":"https:\/\/www.studio-22.nl\/index.php\/product\/laneche-atersun-milk-200-ml\/#primaryimage"},"thumbnailUrl":"https:\/\/www.studio-22.nl\/wp-content\/uploads\/2024\/06\/IMG_2890-scaled.jpeg","datePublished":"2024-06-14T19:53:38+00:00","dateModified":"2025-08-12T09:58:54+00:00","breadcrumb":{"@id":"https:\/\/www.studio-22.nl\/index.php\/product\/laneche-atersun-milk-200-ml\/#breadcrumb"},"inLanguage":"nl-NL","potentialAction":[{"@type":"ReadAction","target":["https:\/\/www.studio-22.nl\/index.php\/product\/laneche-atersun-milk-200-ml\/"]}]},{"@type":"ImageObject","inLanguage":"nl-NL","@id":"https:\/\/www.studio-22.nl\/index.php\/product\/laneche-atersun-milk-200-ml\/#primaryimage","url":"https:\/\/www.studio-22.nl\/wp-content\/uploads\/2024\/06\/IMG_2890-scaled.jpeg","contentUrl":"https:\/\/www.studio-22.nl\/wp-content\/uploads\/2024\/06\/IMG_2890-scaled.jpeg","width":1920,"height":2560},{"@type":"BreadcrumbList","@id":"https:\/\/www.studio-22.nl\/index.php\/product\/laneche-atersun-milk-200-ml\/#breadcrumb","itemListElement":[{"@type":"ListItem","position":1,"name":"Home","item":"https:\/\/www.studio-22.nl\/"},{"@type":"ListItem","position":2,"name":"Shop","item":"https:\/\/www.studio-22.nl\/index.php\/shop\/"},{"@type":"ListItem","position":3,"name":"Laneche Atersun milk 200 ml"}]},{"@type":"WebSite","@id":"https:\/\/www.studio-22.nl\/#website","url":"https:\/\/www.studio-22.nl\/","name":"Studio-22","description":"","publisher":{"@id":"https:\/\/www.studio-22.nl\/#organization"},"potentialAction":[{"@type":"SearchAction","target":{"@type":"EntryPoint","urlTemplate":"https:\/\/www.studio-22.nl\/?s={search_term_string}"},"query-input":{"@type":"PropertyValueSpecification","valueRequired":true,"valueName":"search_term_string"}}],"inLanguage":"nl-NL"},{"@type":"Organization","@id":"https:\/\/www.studio-22.nl\/#organization","name":"Studio 22","url":"https:\/\/www.studio-22.nl\/","logo":{"@type":"ImageObject","inLanguage":"nl-NL","@id":"https:\/\/www.studio-22.nl\/#\/schema\/logo\/image\/","url":"https:\/\/www.studio-22.nl\/wp-content\/uploads\/2020\/09\/studio-22-logo-eerste-deel.png","contentUrl":"https:\/\/www.studio-22.nl\/wp-content\/uploads\/2020\/09\/studio-22-logo-eerste-deel.png","width":288,"height":124,"caption":"Studio 22"},"image":{"@id":"https:\/\/www.studio-22.nl\/#\/schema\/logo\/image\/"},"sameAs":["https:\/\/www.facebook.com\/studio22Scheemda","https:\/\/www.instagram.com\/studio22.scheemda\/"]}]}},"_links":{"self":[{"href":"https:\/\/www.studio-22.nl\/index.php\/wp-json\/wp\/v2\/product\/5622","targetHints":{"allow":["GET"]}}],"collection":[{"href":"https:\/\/www.studio-22.nl\/index.php\/wp-json\/wp\/v2\/product"}],"about":[{"href":"https:\/\/www.studio-22.nl\/index.php\/wp-json\/wp\/v2\/types\/product"}],"replies":[{"embeddable":true,"href":"https:\/\/www.studio-22.nl\/index.php\/wp-json\/wp\/v2\/comments?post=5622"}],"wp:featuredmedia":[{"embeddable":true,"href":"https:\/\/www.studio-22.nl\/index.php\/wp-json\/wp\/v2\/media\/5712"}],"wp:attachment":[{"href":"https:\/\/www.studio-22.nl\/index.php\/wp-json\/wp\/v2\/media?parent=5622"}],"wp:term":[{"taxonomy":"product_brand","embeddable":true,"href":"https:\/\/www.studio-22.nl\/index.php\/wp-json\/wp\/v2\/product_brand?post=5622"},{"taxonomy":"product_cat","embeddable":true,"href":"https:\/\/www.studio-22.nl\/index.php\/wp-json\/wp\/v2\/product_cat?post=5622"},{"taxonomy":"product_tag","embeddable":true,"href":"https:\/\/www.studio-22.nl\/index.php\/wp-json\/wp\/v2\/product_tag?post=5622"}],"curies":[{"name":"wp","href":"https:\/\/api.w.org\/{rel}","templated":true}]}}