{"id":76,"date":"2019-06-24T17:45:13","date_gmt":"2019-06-24T16:45:13","guid":{"rendered":"http:\/\/antonbonder.nl\/?post_type=product&#038;p=76"},"modified":"2025-01-06T20:41:14","modified_gmt":"2025-01-06T19:41:14","slug":"oright-goji-berry-volumizing-cream","status":"publish","type":"product","link":"https:\/\/www.studio-22.nl\/index.php\/product\/oright-goji-berry-volumizing-cream\/","title":{"rendered":"O&#8217;right Goji Berry Volumizing Cream 100 ml"},"content":{"rendered":"<p>Wil je graag voller en steviger haar? Gebruik dan Volumizing Hair Cream als f\u00f6hn-versteviger in kortere coupes. Cre\u00eber volume en veerkracht en verzorg gelijk je fijne haar.<br \/>\nEen f\u00f6hn-versteviger speciaal ontwikkeld voor het cre\u00ebren van volume en veerkracht!<\/p>\n<p>O\u2019Right Volumizing Hair Cream is verrijkt met goji berry-extracten, katoenvezel- en zoethout componenten. De verzorgende ingredi\u00ebnten verzorgen de haar aanzet zodat hier meer versteviging ontstaat. De anti-oxidanten uit de goji berry extracten versterken daarnaast de haarwortel. Dit zorgt ervoor dat de O\u2019Right Volumizing Hair Cream een verdubbeling van volume en kracht geeft.<\/p>\n<p>O\u2019Right Volumizing Hair Cream bestaat voor 92,1% uit natuurlijke ingredi\u00ebnten. De cr\u00e8me is verrijkt met goji berry, zoethout en katoenvezel. De cr\u00e8me is vrij van: sulfaten, parabenen, formaldehyde, kleurstoffen, phthalaten, EO-derivaten en verdikkingsmiddelen (MEA\/DEA). Bovendien is de cr\u00e8me proefdiervrij, vegan en glutenvrij.<\/p>\n<p>Belangrijkste kenmerken:<br \/>\nGoji berry-extracten<br \/>\nF\u00f6hn-versteviger<br \/>\nVolume en kracht<br \/>\nKatoenvezel- en zoethout componenten<br \/>\n92,1% natuurlijke ingredi\u00ebnten<br \/>\nVrij van sulfaten en parabenen<br \/>\nProefdiervrij, vegan en glutenvrij<br \/>\nGebruik:<br \/>\nBreng een gewenste hoeveelheid O\u2019Right Volumizing Hair Cream aan op handdoek droog haar. Verdeel de cr\u00e8me gelijkmatig over het haar. Style het haar vervolgens naar wens. De cr\u00e8me hoeft niet uitgespoeld te worden. O\u2019Right Volumizing Hair Cream is niet alleen als f\u00f6hn-versteviger te gebruiken, maar ook als verzorging in kortere coupes en voor fijn haar.<\/p>\n<p>Resultaat:<br \/>\nO\u2019Right Volumizing Hair Cream geeft het haar volume en veerkracht. Door de combinatie met de f\u00f6hn heeft het haar dubbel zoveel volume en kracht.<\/p>\n","protected":false},"excerpt":{"rendered":"<p>Cre\u00ebert volume in fijn haar.<br \/>\nGoji berry-extracten<br \/>\nF\u00f6hn-versteviger<br \/>\nVolume en kracht<br \/>\nKatoenvezel- en zoethout componenten<br \/>\n92,1% natuurlijke ingredi\u00ebnten<br \/>\nVrij van sulfaten en parabenen<br \/>\nProefdiervrij, vegan en glutenvrij<\/p>\n","protected":false},"featured_media":77,"comment_status":"open","ping_status":"closed","template":"","meta":[],"product_brand":[],"product_cat":[104],"product_tag":[276,596,125,45,595,26,396,19,587,438,20,594],"class_list":{"0":"post-76","1":"product","2":"type-product","3":"status-publish","4":"has-post-thumbnail","6":"product_cat-goji-berry","7":"product_tag-100-ml","8":"product_tag-fohn-versteviger","9":"product_tag-fohnen","10":"product_tag-goji-berry","11":"product_tag-kracht","12":"product_tag-oright","13":"product_tag-studio-22","14":"product_tag-styling","15":"product_tag-veerkracht","16":"product_tag-versteviger","17":"product_tag-volume","18":"product_tag-volume-creme","19":"product_shipping_class-pakket","21":"first","22":"outofstock","23":"shipping-taxable","24":"purchasable","25":"product-type-simple"},"yoast_head":"<!-- This site is optimized with the Yoast SEO plugin v27.4 - https:\/\/yoast.com\/product\/yoast-seo-wordpress\/ -->\n<title>O&#039;right Goji Berry Volumizing Cream 100 ml - Studio-22<\/title>\n<meta name=\"robots\" content=\"index, follow, max-snippet:-1, max-image-preview:large, max-video-preview:-1\" \/>\n<link rel=\"canonical\" href=\"https:\/\/www.studio-22.nl\/index.php\/product\/oright-goji-berry-volumizing-cream\/\" \/>\n<meta property=\"og:locale\" content=\"nl_NL\" \/>\n<meta property=\"og:type\" content=\"article\" \/>\n<meta property=\"og:title\" content=\"O&#039;right Goji Berry Volumizing Cream 100 ml - Studio-22\" \/>\n<meta property=\"og:description\" content=\"Cre\u00ebert volume in fijn haar. Goji berry-extracten F\u00f6hn-versteviger Volume en kracht Katoenvezel- en zoethout componenten 92,1% natuurlijke ingredi\u00ebnten Vrij van sulfaten en parabenen Proefdiervrij, vegan en glutenvrij\" \/>\n<meta property=\"og:url\" content=\"https:\/\/www.studio-22.nl\/index.php\/product\/oright-goji-berry-volumizing-cream\/\" \/>\n<meta property=\"og:site_name\" content=\"Studio-22\" \/>\n<meta property=\"article:publisher\" content=\"https:\/\/www.facebook.com\/studio22Scheemda\" \/>\n<meta property=\"article:modified_time\" content=\"2025-01-06T19:41:14+00:00\" \/>\n<meta property=\"og:image\" content=\"https:\/\/www.studio-22.nl\/wp-content\/uploads\/2019\/06\/oright-goji-berry-volumizing-cream.jpg\" \/>\n\t<meta property=\"og:image:width\" content=\"2747\" \/>\n\t<meta property=\"og:image:height\" content=\"2747\" \/>\n\t<meta property=\"og:image:type\" content=\"image\/jpeg\" \/>\n<meta name=\"twitter:card\" content=\"summary_large_image\" \/>\n<meta name=\"twitter:label1\" content=\"Geschatte leestijd\" \/>\n\t<meta name=\"twitter:data1\" content=\"1 minuut\" \/>\n<script type=\"application\/ld+json\" class=\"yoast-schema-graph\">{\"@context\":\"https:\\\/\\\/schema.org\",\"@graph\":[{\"@type\":\"WebPage\",\"@id\":\"https:\\\/\\\/www.studio-22.nl\\\/index.php\\\/product\\\/oright-goji-berry-volumizing-cream\\\/\",\"url\":\"https:\\\/\\\/www.studio-22.nl\\\/index.php\\\/product\\\/oright-goji-berry-volumizing-cream\\\/\",\"name\":\"O'right Goji Berry Volumizing Cream 100 ml - Studio-22\",\"isPartOf\":{\"@id\":\"https:\\\/\\\/www.studio-22.nl\\\/#website\"},\"primaryImageOfPage\":{\"@id\":\"https:\\\/\\\/www.studio-22.nl\\\/index.php\\\/product\\\/oright-goji-berry-volumizing-cream\\\/#primaryimage\"},\"image\":{\"@id\":\"https:\\\/\\\/www.studio-22.nl\\\/index.php\\\/product\\\/oright-goji-berry-volumizing-cream\\\/#primaryimage\"},\"thumbnailUrl\":\"https:\\\/\\\/www.studio-22.nl\\\/wp-content\\\/uploads\\\/2019\\\/06\\\/oright-goji-berry-volumizing-cream.jpg\",\"datePublished\":\"2019-06-24T16:45:13+00:00\",\"dateModified\":\"2025-01-06T19:41:14+00:00\",\"breadcrumb\":{\"@id\":\"https:\\\/\\\/www.studio-22.nl\\\/index.php\\\/product\\\/oright-goji-berry-volumizing-cream\\\/#breadcrumb\"},\"inLanguage\":\"nl-NL\",\"potentialAction\":[{\"@type\":\"ReadAction\",\"target\":[\"https:\\\/\\\/www.studio-22.nl\\\/index.php\\\/product\\\/oright-goji-berry-volumizing-cream\\\/\"]}]},{\"@type\":\"ImageObject\",\"inLanguage\":\"nl-NL\",\"@id\":\"https:\\\/\\\/www.studio-22.nl\\\/index.php\\\/product\\\/oright-goji-berry-volumizing-cream\\\/#primaryimage\",\"url\":\"https:\\\/\\\/www.studio-22.nl\\\/wp-content\\\/uploads\\\/2019\\\/06\\\/oright-goji-berry-volumizing-cream.jpg\",\"contentUrl\":\"https:\\\/\\\/www.studio-22.nl\\\/wp-content\\\/uploads\\\/2019\\\/06\\\/oright-goji-berry-volumizing-cream.jpg\",\"width\":2747,\"height\":2747},{\"@type\":\"BreadcrumbList\",\"@id\":\"https:\\\/\\\/www.studio-22.nl\\\/index.php\\\/product\\\/oright-goji-berry-volumizing-cream\\\/#breadcrumb\",\"itemListElement\":[{\"@type\":\"ListItem\",\"position\":1,\"name\":\"Home\",\"item\":\"https:\\\/\\\/www.studio-22.nl\\\/\"},{\"@type\":\"ListItem\",\"position\":2,\"name\":\"Shop\",\"item\":\"https:\\\/\\\/www.studio-22.nl\\\/index.php\\\/shop\\\/\"},{\"@type\":\"ListItem\",\"position\":3,\"name\":\"O&#8217;right Goji Berry Volumizing Cream 100 ml\"}]},{\"@type\":\"WebSite\",\"@id\":\"https:\\\/\\\/www.studio-22.nl\\\/#website\",\"url\":\"https:\\\/\\\/www.studio-22.nl\\\/\",\"name\":\"Studio-22\",\"description\":\"\",\"publisher\":{\"@id\":\"https:\\\/\\\/www.studio-22.nl\\\/#organization\"},\"potentialAction\":[{\"@type\":\"SearchAction\",\"target\":{\"@type\":\"EntryPoint\",\"urlTemplate\":\"https:\\\/\\\/www.studio-22.nl\\\/?s={search_term_string}\"},\"query-input\":{\"@type\":\"PropertyValueSpecification\",\"valueRequired\":true,\"valueName\":\"search_term_string\"}}],\"inLanguage\":\"nl-NL\"},{\"@type\":\"Organization\",\"@id\":\"https:\\\/\\\/www.studio-22.nl\\\/#organization\",\"name\":\"Studio 22\",\"url\":\"https:\\\/\\\/www.studio-22.nl\\\/\",\"logo\":{\"@type\":\"ImageObject\",\"inLanguage\":\"nl-NL\",\"@id\":\"https:\\\/\\\/www.studio-22.nl\\\/#\\\/schema\\\/logo\\\/image\\\/\",\"url\":\"https:\\\/\\\/www.studio-22.nl\\\/wp-content\\\/uploads\\\/2020\\\/09\\\/studio-22-logo-eerste-deel.png\",\"contentUrl\":\"https:\\\/\\\/www.studio-22.nl\\\/wp-content\\\/uploads\\\/2020\\\/09\\\/studio-22-logo-eerste-deel.png\",\"width\":288,\"height\":124,\"caption\":\"Studio 22\"},\"image\":{\"@id\":\"https:\\\/\\\/www.studio-22.nl\\\/#\\\/schema\\\/logo\\\/image\\\/\"},\"sameAs\":[\"https:\\\/\\\/www.facebook.com\\\/studio22Scheemda\",\"https:\\\/\\\/www.instagram.com\\\/studio22.scheemda\\\/\"]}]}<\/script>\n<!-- \/ Yoast SEO plugin. -->","yoast_head_json":{"title":"O'right Goji Berry Volumizing Cream 100 ml - Studio-22","robots":{"index":"index","follow":"follow","max-snippet":"max-snippet:-1","max-image-preview":"max-image-preview:large","max-video-preview":"max-video-preview:-1"},"canonical":"https:\/\/www.studio-22.nl\/index.php\/product\/oright-goji-berry-volumizing-cream\/","og_locale":"nl_NL","og_type":"article","og_title":"O'right Goji Berry Volumizing Cream 100 ml - Studio-22","og_description":"Cre\u00ebert volume in fijn haar. Goji berry-extracten F\u00f6hn-versteviger Volume en kracht Katoenvezel- en zoethout componenten 92,1% natuurlijke ingredi\u00ebnten Vrij van sulfaten en parabenen Proefdiervrij, vegan en glutenvrij","og_url":"https:\/\/www.studio-22.nl\/index.php\/product\/oright-goji-berry-volumizing-cream\/","og_site_name":"Studio-22","article_publisher":"https:\/\/www.facebook.com\/studio22Scheemda","article_modified_time":"2025-01-06T19:41:14+00:00","og_image":[{"width":2747,"height":2747,"url":"https:\/\/www.studio-22.nl\/wp-content\/uploads\/2019\/06\/oright-goji-berry-volumizing-cream.jpg","type":"image\/jpeg"}],"twitter_card":"summary_large_image","twitter_misc":{"Geschatte leestijd":"1 minuut"},"schema":{"@context":"https:\/\/schema.org","@graph":[{"@type":"WebPage","@id":"https:\/\/www.studio-22.nl\/index.php\/product\/oright-goji-berry-volumizing-cream\/","url":"https:\/\/www.studio-22.nl\/index.php\/product\/oright-goji-berry-volumizing-cream\/","name":"O'right Goji Berry Volumizing Cream 100 ml - Studio-22","isPartOf":{"@id":"https:\/\/www.studio-22.nl\/#website"},"primaryImageOfPage":{"@id":"https:\/\/www.studio-22.nl\/index.php\/product\/oright-goji-berry-volumizing-cream\/#primaryimage"},"image":{"@id":"https:\/\/www.studio-22.nl\/index.php\/product\/oright-goji-berry-volumizing-cream\/#primaryimage"},"thumbnailUrl":"https:\/\/www.studio-22.nl\/wp-content\/uploads\/2019\/06\/oright-goji-berry-volumizing-cream.jpg","datePublished":"2019-06-24T16:45:13+00:00","dateModified":"2025-01-06T19:41:14+00:00","breadcrumb":{"@id":"https:\/\/www.studio-22.nl\/index.php\/product\/oright-goji-berry-volumizing-cream\/#breadcrumb"},"inLanguage":"nl-NL","potentialAction":[{"@type":"ReadAction","target":["https:\/\/www.studio-22.nl\/index.php\/product\/oright-goji-berry-volumizing-cream\/"]}]},{"@type":"ImageObject","inLanguage":"nl-NL","@id":"https:\/\/www.studio-22.nl\/index.php\/product\/oright-goji-berry-volumizing-cream\/#primaryimage","url":"https:\/\/www.studio-22.nl\/wp-content\/uploads\/2019\/06\/oright-goji-berry-volumizing-cream.jpg","contentUrl":"https:\/\/www.studio-22.nl\/wp-content\/uploads\/2019\/06\/oright-goji-berry-volumizing-cream.jpg","width":2747,"height":2747},{"@type":"BreadcrumbList","@id":"https:\/\/www.studio-22.nl\/index.php\/product\/oright-goji-berry-volumizing-cream\/#breadcrumb","itemListElement":[{"@type":"ListItem","position":1,"name":"Home","item":"https:\/\/www.studio-22.nl\/"},{"@type":"ListItem","position":2,"name":"Shop","item":"https:\/\/www.studio-22.nl\/index.php\/shop\/"},{"@type":"ListItem","position":3,"name":"O&#8217;right Goji Berry Volumizing Cream 100 ml"}]},{"@type":"WebSite","@id":"https:\/\/www.studio-22.nl\/#website","url":"https:\/\/www.studio-22.nl\/","name":"Studio-22","description":"","publisher":{"@id":"https:\/\/www.studio-22.nl\/#organization"},"potentialAction":[{"@type":"SearchAction","target":{"@type":"EntryPoint","urlTemplate":"https:\/\/www.studio-22.nl\/?s={search_term_string}"},"query-input":{"@type":"PropertyValueSpecification","valueRequired":true,"valueName":"search_term_string"}}],"inLanguage":"nl-NL"},{"@type":"Organization","@id":"https:\/\/www.studio-22.nl\/#organization","name":"Studio 22","url":"https:\/\/www.studio-22.nl\/","logo":{"@type":"ImageObject","inLanguage":"nl-NL","@id":"https:\/\/www.studio-22.nl\/#\/schema\/logo\/image\/","url":"https:\/\/www.studio-22.nl\/wp-content\/uploads\/2020\/09\/studio-22-logo-eerste-deel.png","contentUrl":"https:\/\/www.studio-22.nl\/wp-content\/uploads\/2020\/09\/studio-22-logo-eerste-deel.png","width":288,"height":124,"caption":"Studio 22"},"image":{"@id":"https:\/\/www.studio-22.nl\/#\/schema\/logo\/image\/"},"sameAs":["https:\/\/www.facebook.com\/studio22Scheemda","https:\/\/www.instagram.com\/studio22.scheemda\/"]}]}},"_links":{"self":[{"href":"https:\/\/www.studio-22.nl\/index.php\/wp-json\/wp\/v2\/product\/76","targetHints":{"allow":["GET"]}}],"collection":[{"href":"https:\/\/www.studio-22.nl\/index.php\/wp-json\/wp\/v2\/product"}],"about":[{"href":"https:\/\/www.studio-22.nl\/index.php\/wp-json\/wp\/v2\/types\/product"}],"replies":[{"embeddable":true,"href":"https:\/\/www.studio-22.nl\/index.php\/wp-json\/wp\/v2\/comments?post=76"}],"wp:featuredmedia":[{"embeddable":true,"href":"https:\/\/www.studio-22.nl\/index.php\/wp-json\/wp\/v2\/media\/77"}],"wp:attachment":[{"href":"https:\/\/www.studio-22.nl\/index.php\/wp-json\/wp\/v2\/media?parent=76"}],"wp:term":[{"taxonomy":"product_brand","embeddable":true,"href":"https:\/\/www.studio-22.nl\/index.php\/wp-json\/wp\/v2\/product_brand?post=76"},{"taxonomy":"product_cat","embeddable":true,"href":"https:\/\/www.studio-22.nl\/index.php\/wp-json\/wp\/v2\/product_cat?post=76"},{"taxonomy":"product_tag","embeddable":true,"href":"https:\/\/www.studio-22.nl\/index.php\/wp-json\/wp\/v2\/product_tag?post=76"}],"curies":[{"name":"wp","href":"https:\/\/api.w.org\/{rel}","templated":true}]}}