{"id":850,"date":"2019-10-18T13:59:17","date_gmt":"2019-10-18T12:59:17","guid":{"rendered":"http:\/\/studio-22.antonbonder.nl\/index.php\/product\/osis-sparkler-finish-300-ml\/"},"modified":"2026-01-09T23:12:09","modified_gmt":"2026-01-09T22:12:09","slug":"osis-sparkler-finish-300-ml","status":"publish","type":"product","link":"https:\/\/www.studio-22.nl\/index.php\/product\/osis-sparkler-finish-300-ml\/","title":{"rendered":"Osis Sparkler Finish Glansspray 300 ml"},"content":{"rendered":"<p>Het geeft het haar een mooie glans.<\/p>\n<p>Schwarzkopf Osis Sparkler Glansspray laat jou niet alleen van binnen, maar ook van buiten stralen. Deze fabuleuze spray geeft het haar net die extra sprankelende glans! Na het aanbrengen van verzorgende producten is deze Osis Sparkler spray goed te gebruiken als laatste product in je haarroutine. Als het gebruik van een finish laat de spray jouw haar de hele dag glanzen. <\/p>\n<p>De formule bestaat onder andere uit lichte siliconen oli\u00ebn die het haar glad maken en beter handelbaar. Met dit product uit de Osis lijn vang je twee vliegen in \u00e9\u00e9n klap; een lichte verzorging van het haar en een prachtige glans waarvan we willen dat we die zelf hadden.<\/p>\n<p>Eigenschappen:<br \/>\nGeweldige glans<br \/>\nMaakt het ontklitten makkelijker<br \/>\nLicht verzorgende eigenschappen<\/p>\n<p>Gebruiksaanwijzing:<br \/>\nDe glansspray kan het beste gebruikt worden als finishing touch van een look. Om deze reden breng je de spray aan op droog haar. Zorg hierbij dat de spuitbus op ongeveer 30 centimeter afstand van het haar wordt gehouden. Op deze manier wordt het product beter verdeeld over het haar.<\/p>\n<p>TIP: Om dik en weerbarstig haar makkelijker te ontklitten is het aan te raden om de spray op vochtig haar aan te brengen en hierna rustig door te kammen. <\/p>\n","protected":false},"excerpt":{"rendered":"<p>Creeer van een sprankelende look met de Schwarzkopf Osis Sparkler Glansspray 300 ml. Naast een prachtige glans zorgt deze glansspray ook voor glad en doorkambaar haar.\u00a0<\/p>\n","protected":false},"featured_media":807,"comment_status":"open","ping_status":"closed","template":"","meta":[],"product_brand":[],"product_cat":[22],"product_tag":[423,848,455,845,846,847,24,850,23,849,396,19],"class_list":{"0":"post-850","1":"product","2":"type-product","3":"status-publish","4":"has-post-thumbnail","6":"product_cat-schwarzkopf","7":"product_tag-300-ml","8":"product_tag-dik-haar","9":"product_tag-droog-haar","10":"product_tag-glans-spray","11":"product_tag-glansspray","12":"product_tag-ontklitten","13":"product_tag-osis","14":"product_tag-osis-sparkler-finish","15":"product_tag-schwarzkopf","16":"product_tag-sparkler","17":"product_tag-studio-22","18":"product_tag-styling","19":"product_shipping_class-pakket","21":"first","22":"instock","23":"shipping-taxable","24":"purchasable","25":"product-type-simple"},"yoast_head":"<!-- This site is optimized with the Yoast SEO plugin v27.4 - https:\/\/yoast.com\/product\/yoast-seo-wordpress\/ -->\n<title>Osis Sparkler Finish Glansspray 300 ml - Studio-22<\/title>\n<meta name=\"robots\" content=\"index, follow, max-snippet:-1, max-image-preview:large, max-video-preview:-1\" \/>\n<link rel=\"canonical\" href=\"https:\/\/www.studio-22.nl\/index.php\/product\/osis-sparkler-finish-300-ml\/\" \/>\n<meta property=\"og:locale\" content=\"nl_NL\" \/>\n<meta property=\"og:type\" content=\"article\" \/>\n<meta property=\"og:title\" content=\"Osis Sparkler Finish Glansspray 300 ml - Studio-22\" \/>\n<meta property=\"og:description\" content=\"Creeer van een sprankelende look met de Schwarzkopf Osis Sparkler Glansspray 300 ml. Naast een prachtige glans zorgt deze glansspray ook voor glad en doorkambaar haar.\u00a0\" \/>\n<meta property=\"og:url\" content=\"https:\/\/www.studio-22.nl\/index.php\/product\/osis-sparkler-finish-300-ml\/\" \/>\n<meta property=\"og:site_name\" content=\"Studio-22\" \/>\n<meta property=\"article:publisher\" content=\"https:\/\/www.facebook.com\/studio22Scheemda\" \/>\n<meta property=\"article:modified_time\" content=\"2026-01-09T22:12:09+00:00\" \/>\n<meta property=\"og:image\" content=\"https:\/\/www.studio-22.nl\/wp-content\/uploads\/2019\/10\/Schwarzkopf-osis-glansspray.jpg\" \/>\n\t<meta property=\"og:image:width\" content=\"2896\" \/>\n\t<meta property=\"og:image:height\" content=\"2896\" \/>\n\t<meta property=\"og:image:type\" content=\"image\/jpeg\" \/>\n<meta name=\"twitter:card\" content=\"summary_large_image\" \/>\n<meta name=\"twitter:label1\" content=\"Geschatte leestijd\" \/>\n\t<meta name=\"twitter:data1\" content=\"1 minuut\" \/>\n<script type=\"application\/ld+json\" class=\"yoast-schema-graph\">{\"@context\":\"https:\\\/\\\/schema.org\",\"@graph\":[{\"@type\":\"WebPage\",\"@id\":\"https:\\\/\\\/www.studio-22.nl\\\/index.php\\\/product\\\/osis-sparkler-finish-300-ml\\\/\",\"url\":\"https:\\\/\\\/www.studio-22.nl\\\/index.php\\\/product\\\/osis-sparkler-finish-300-ml\\\/\",\"name\":\"Osis Sparkler Finish Glansspray 300 ml - Studio-22\",\"isPartOf\":{\"@id\":\"https:\\\/\\\/www.studio-22.nl\\\/#website\"},\"primaryImageOfPage\":{\"@id\":\"https:\\\/\\\/www.studio-22.nl\\\/index.php\\\/product\\\/osis-sparkler-finish-300-ml\\\/#primaryimage\"},\"image\":{\"@id\":\"https:\\\/\\\/www.studio-22.nl\\\/index.php\\\/product\\\/osis-sparkler-finish-300-ml\\\/#primaryimage\"},\"thumbnailUrl\":\"https:\\\/\\\/www.studio-22.nl\\\/wp-content\\\/uploads\\\/2019\\\/10\\\/Schwarzkopf-osis-glansspray.jpg\",\"datePublished\":\"2019-10-18T12:59:17+00:00\",\"dateModified\":\"2026-01-09T22:12:09+00:00\",\"breadcrumb\":{\"@id\":\"https:\\\/\\\/www.studio-22.nl\\\/index.php\\\/product\\\/osis-sparkler-finish-300-ml\\\/#breadcrumb\"},\"inLanguage\":\"nl-NL\",\"potentialAction\":[{\"@type\":\"ReadAction\",\"target\":[\"https:\\\/\\\/www.studio-22.nl\\\/index.php\\\/product\\\/osis-sparkler-finish-300-ml\\\/\"]}]},{\"@type\":\"ImageObject\",\"inLanguage\":\"nl-NL\",\"@id\":\"https:\\\/\\\/www.studio-22.nl\\\/index.php\\\/product\\\/osis-sparkler-finish-300-ml\\\/#primaryimage\",\"url\":\"https:\\\/\\\/www.studio-22.nl\\\/wp-content\\\/uploads\\\/2019\\\/10\\\/Schwarzkopf-osis-glansspray.jpg\",\"contentUrl\":\"https:\\\/\\\/www.studio-22.nl\\\/wp-content\\\/uploads\\\/2019\\\/10\\\/Schwarzkopf-osis-glansspray.jpg\",\"width\":2896,\"height\":2896},{\"@type\":\"BreadcrumbList\",\"@id\":\"https:\\\/\\\/www.studio-22.nl\\\/index.php\\\/product\\\/osis-sparkler-finish-300-ml\\\/#breadcrumb\",\"itemListElement\":[{\"@type\":\"ListItem\",\"position\":1,\"name\":\"Home\",\"item\":\"https:\\\/\\\/www.studio-22.nl\\\/\"},{\"@type\":\"ListItem\",\"position\":2,\"name\":\"Shop\",\"item\":\"https:\\\/\\\/www.studio-22.nl\\\/index.php\\\/shop\\\/\"},{\"@type\":\"ListItem\",\"position\":3,\"name\":\"Osis Sparkler Finish Glansspray 300 ml\"}]},{\"@type\":\"WebSite\",\"@id\":\"https:\\\/\\\/www.studio-22.nl\\\/#website\",\"url\":\"https:\\\/\\\/www.studio-22.nl\\\/\",\"name\":\"Studio-22\",\"description\":\"\",\"publisher\":{\"@id\":\"https:\\\/\\\/www.studio-22.nl\\\/#organization\"},\"potentialAction\":[{\"@type\":\"SearchAction\",\"target\":{\"@type\":\"EntryPoint\",\"urlTemplate\":\"https:\\\/\\\/www.studio-22.nl\\\/?s={search_term_string}\"},\"query-input\":{\"@type\":\"PropertyValueSpecification\",\"valueRequired\":true,\"valueName\":\"search_term_string\"}}],\"inLanguage\":\"nl-NL\"},{\"@type\":\"Organization\",\"@id\":\"https:\\\/\\\/www.studio-22.nl\\\/#organization\",\"name\":\"Studio 22\",\"url\":\"https:\\\/\\\/www.studio-22.nl\\\/\",\"logo\":{\"@type\":\"ImageObject\",\"inLanguage\":\"nl-NL\",\"@id\":\"https:\\\/\\\/www.studio-22.nl\\\/#\\\/schema\\\/logo\\\/image\\\/\",\"url\":\"https:\\\/\\\/www.studio-22.nl\\\/wp-content\\\/uploads\\\/2020\\\/09\\\/studio-22-logo-eerste-deel.png\",\"contentUrl\":\"https:\\\/\\\/www.studio-22.nl\\\/wp-content\\\/uploads\\\/2020\\\/09\\\/studio-22-logo-eerste-deel.png\",\"width\":288,\"height\":124,\"caption\":\"Studio 22\"},\"image\":{\"@id\":\"https:\\\/\\\/www.studio-22.nl\\\/#\\\/schema\\\/logo\\\/image\\\/\"},\"sameAs\":[\"https:\\\/\\\/www.facebook.com\\\/studio22Scheemda\",\"https:\\\/\\\/www.instagram.com\\\/studio22.scheemda\\\/\"]}]}<\/script>\n<!-- \/ Yoast SEO plugin. -->","yoast_head_json":{"title":"Osis Sparkler Finish Glansspray 300 ml - Studio-22","robots":{"index":"index","follow":"follow","max-snippet":"max-snippet:-1","max-image-preview":"max-image-preview:large","max-video-preview":"max-video-preview:-1"},"canonical":"https:\/\/www.studio-22.nl\/index.php\/product\/osis-sparkler-finish-300-ml\/","og_locale":"nl_NL","og_type":"article","og_title":"Osis Sparkler Finish Glansspray 300 ml - Studio-22","og_description":"Creeer van een sprankelende look met de Schwarzkopf Osis Sparkler Glansspray 300 ml. Naast een prachtige glans zorgt deze glansspray ook voor glad en doorkambaar haar.\u00a0","og_url":"https:\/\/www.studio-22.nl\/index.php\/product\/osis-sparkler-finish-300-ml\/","og_site_name":"Studio-22","article_publisher":"https:\/\/www.facebook.com\/studio22Scheemda","article_modified_time":"2026-01-09T22:12:09+00:00","og_image":[{"width":2896,"height":2896,"url":"https:\/\/www.studio-22.nl\/wp-content\/uploads\/2019\/10\/Schwarzkopf-osis-glansspray.jpg","type":"image\/jpeg"}],"twitter_card":"summary_large_image","twitter_misc":{"Geschatte leestijd":"1 minuut"},"schema":{"@context":"https:\/\/schema.org","@graph":[{"@type":"WebPage","@id":"https:\/\/www.studio-22.nl\/index.php\/product\/osis-sparkler-finish-300-ml\/","url":"https:\/\/www.studio-22.nl\/index.php\/product\/osis-sparkler-finish-300-ml\/","name":"Osis Sparkler Finish Glansspray 300 ml - Studio-22","isPartOf":{"@id":"https:\/\/www.studio-22.nl\/#website"},"primaryImageOfPage":{"@id":"https:\/\/www.studio-22.nl\/index.php\/product\/osis-sparkler-finish-300-ml\/#primaryimage"},"image":{"@id":"https:\/\/www.studio-22.nl\/index.php\/product\/osis-sparkler-finish-300-ml\/#primaryimage"},"thumbnailUrl":"https:\/\/www.studio-22.nl\/wp-content\/uploads\/2019\/10\/Schwarzkopf-osis-glansspray.jpg","datePublished":"2019-10-18T12:59:17+00:00","dateModified":"2026-01-09T22:12:09+00:00","breadcrumb":{"@id":"https:\/\/www.studio-22.nl\/index.php\/product\/osis-sparkler-finish-300-ml\/#breadcrumb"},"inLanguage":"nl-NL","potentialAction":[{"@type":"ReadAction","target":["https:\/\/www.studio-22.nl\/index.php\/product\/osis-sparkler-finish-300-ml\/"]}]},{"@type":"ImageObject","inLanguage":"nl-NL","@id":"https:\/\/www.studio-22.nl\/index.php\/product\/osis-sparkler-finish-300-ml\/#primaryimage","url":"https:\/\/www.studio-22.nl\/wp-content\/uploads\/2019\/10\/Schwarzkopf-osis-glansspray.jpg","contentUrl":"https:\/\/www.studio-22.nl\/wp-content\/uploads\/2019\/10\/Schwarzkopf-osis-glansspray.jpg","width":2896,"height":2896},{"@type":"BreadcrumbList","@id":"https:\/\/www.studio-22.nl\/index.php\/product\/osis-sparkler-finish-300-ml\/#breadcrumb","itemListElement":[{"@type":"ListItem","position":1,"name":"Home","item":"https:\/\/www.studio-22.nl\/"},{"@type":"ListItem","position":2,"name":"Shop","item":"https:\/\/www.studio-22.nl\/index.php\/shop\/"},{"@type":"ListItem","position":3,"name":"Osis Sparkler Finish Glansspray 300 ml"}]},{"@type":"WebSite","@id":"https:\/\/www.studio-22.nl\/#website","url":"https:\/\/www.studio-22.nl\/","name":"Studio-22","description":"","publisher":{"@id":"https:\/\/www.studio-22.nl\/#organization"},"potentialAction":[{"@type":"SearchAction","target":{"@type":"EntryPoint","urlTemplate":"https:\/\/www.studio-22.nl\/?s={search_term_string}"},"query-input":{"@type":"PropertyValueSpecification","valueRequired":true,"valueName":"search_term_string"}}],"inLanguage":"nl-NL"},{"@type":"Organization","@id":"https:\/\/www.studio-22.nl\/#organization","name":"Studio 22","url":"https:\/\/www.studio-22.nl\/","logo":{"@type":"ImageObject","inLanguage":"nl-NL","@id":"https:\/\/www.studio-22.nl\/#\/schema\/logo\/image\/","url":"https:\/\/www.studio-22.nl\/wp-content\/uploads\/2020\/09\/studio-22-logo-eerste-deel.png","contentUrl":"https:\/\/www.studio-22.nl\/wp-content\/uploads\/2020\/09\/studio-22-logo-eerste-deel.png","width":288,"height":124,"caption":"Studio 22"},"image":{"@id":"https:\/\/www.studio-22.nl\/#\/schema\/logo\/image\/"},"sameAs":["https:\/\/www.facebook.com\/studio22Scheemda","https:\/\/www.instagram.com\/studio22.scheemda\/"]}]}},"_links":{"self":[{"href":"https:\/\/www.studio-22.nl\/index.php\/wp-json\/wp\/v2\/product\/850","targetHints":{"allow":["GET"]}}],"collection":[{"href":"https:\/\/www.studio-22.nl\/index.php\/wp-json\/wp\/v2\/product"}],"about":[{"href":"https:\/\/www.studio-22.nl\/index.php\/wp-json\/wp\/v2\/types\/product"}],"replies":[{"embeddable":true,"href":"https:\/\/www.studio-22.nl\/index.php\/wp-json\/wp\/v2\/comments?post=850"}],"wp:featuredmedia":[{"embeddable":true,"href":"https:\/\/www.studio-22.nl\/index.php\/wp-json\/wp\/v2\/media\/807"}],"wp:attachment":[{"href":"https:\/\/www.studio-22.nl\/index.php\/wp-json\/wp\/v2\/media?parent=850"}],"wp:term":[{"taxonomy":"product_brand","embeddable":true,"href":"https:\/\/www.studio-22.nl\/index.php\/wp-json\/wp\/v2\/product_brand?post=850"},{"taxonomy":"product_cat","embeddable":true,"href":"https:\/\/www.studio-22.nl\/index.php\/wp-json\/wp\/v2\/product_cat?post=850"},{"taxonomy":"product_tag","embeddable":true,"href":"https:\/\/www.studio-22.nl\/index.php\/wp-json\/wp\/v2\/product_tag?post=850"}],"curies":[{"name":"wp","href":"https:\/\/api.w.org\/{rel}","templated":true}]}}